{"id":2462,"date":"2025-05-21T09:13:08","date_gmt":"2025-05-21T09:13:08","guid":{"rendered":"https:\/\/forc2e.com\/our-team-and-vision\/"},"modified":"2026-01-08T09:23:12","modified_gmt":"2026-01-08T09:23:12","slug":"our-team","status":"publish","type":"page","link":"https:\/\/forc2e.com\/en\/our-team\/","title":{"rendered":"Our Team"},"content":{"rendered":"\t\t<div data-elementor-type=\"wp-page\" data-elementor-id=\"2462\" class=\"elementor elementor-2462 elementor-111\" data-elementor-post-type=\"page\">\n\t\t\t\t<div class=\"elementor-element elementor-element-a711efc e-con-full e-flex e-con e-parent\" data-id=\"a711efc\" data-element_type=\"container\" data-e-type=\"container\" data-settings=\"{&quot;background_background&quot;:&quot;classic&quot;}\">\n\t\t<div class=\"elementor-element elementor-element-3e09b14 e-flex e-con-boxed e-con e-child\" data-id=\"3e09b14\" data-element_type=\"container\" data-e-type=\"container\">\n\t\t\t\t\t<div class=\"e-con-inner\">\n\t\t\t\t<div class=\"elementor-element elementor-element-524dcf9 elementor-widget elementor-widget-heading\" data-id=\"524dcf9\" data-element_type=\"widget\" data-e-type=\"widget\" data-widget_type=\"heading.default\">\n\t\t\t\t<div class=\"elementor-widget-container\">\n\t\t\t\t\t<h1 class=\"elementor-heading-title elementor-size-default\">R\u00d3LAM<\/h1>\t\t\t\t<\/div>\n\t\t\t\t<\/div>\n\t\t\t\t\t<\/div>\n\t\t\t\t<\/div>\n\t\t\t\t<\/div>\n\t\t<div class=\"elementor-element elementor-element-df83f9c e-flex e-con-boxed e-con e-parent\" data-id=\"df83f9c\" data-element_type=\"container\" data-e-type=\"container\">\n\t\t\t\t\t<div class=\"e-con-inner\">\n\t\t<div class=\"elementor-element elementor-element-01fc4bc e-con-full e-flex e-con e-child\" data-id=\"01fc4bc\" data-element_type=\"container\" data-e-type=\"container\">\n\t\t\t\t<div class=\"elementor-element elementor-element-b81f7dd elementor-widget elementor-widget-heading\" data-id=\"b81f7dd\" data-element_type=\"widget\" data-e-type=\"widget\" data-widget_type=\"heading.default\">\n\t\t\t\t<div class=\"elementor-widget-container\">\n\t\t\t\t\t<h4 class=\"elementor-heading-title elementor-size-default\">Szerda Szabolcs vagyok.\n<\/h4>\t\t\t\t<\/div>\n\t\t\t\t<\/div>\n\t\t\t\t<div class=\"elementor-element elementor-element-92d0a41 elementor-widget elementor-widget-heading\" data-id=\"92d0a41\" data-element_type=\"widget\" data-e-type=\"widget\" data-widget_type=\"heading.default\">\n\t\t\t\t<div class=\"elementor-widget-container\">\n\t\t\t\t\t<p class=\"elementor-heading-title elementor-size-default\">Tan\u00e1ri oklevelemet a pozsonyi Comenius Egyetem Pedag\u00f3giai Kar\u00e1nak n\u00e9met szak\u00e1n szereztem.<br><br>Edz\u0151i tanulm\u00e1nyaimat B\u00e9csben kezdtem, a PFA Fitness Academy fitnesz- \u00e9s szem\u00e9lyi edz\u0151 szak\u00e1n. Ezt k\u00f6vet\u0151en r\u00e9szt vettem Budapesten egy Gymnastics Method instruktor- \u00e9s egy GFM-k\u00e9pz\u00e9sen, majd elv\u00e9geztem az SMR System szak\u00e9rt\u0151i k\u00e9pz\u00e9st is. M\u00edg az el\u0151bbi kett\u0151 a saj\u00e1t tests\u00falyos er\u0151fejleszt\u00e9sre f\u00f3kusz\u00e1lt, az ut\u00f3bbi sor\u00e1n k\u00fcl\u00f6nb\u00f6z\u0151 massz\u00e1zstechnik\u00e1kat saj\u00e1t\u00edtottam el, amelyeket olyan praktikus eszk\u00f6z\u00f6kkel v\u00e9gz\u00fcnk, mint a massz\u00e1zshenger, -labda vagy -bot. Tud\u00e1somat az FMS szak\u00e9rt\u0151i k\u00e9pz\u00e9s r\u00e9v\u00e9n m\u00e9ly\u00edtettem tov\u00e1bb, melynek sor\u00e1n alaposabb betekint\u00e9st nyertem a mozg\u00e1smint\u00e1k elemz\u00e9s\u00e9be \u00e9s helyre\u00e1ll\u00edt\u00e1s\u00e1ba.   <br><br>Tanulm\u00e1nyaimat k\u00f6vet\u0151en sz\u00e1mos tapasztalatot szereztem edz\u0151k\u00e9nt az ausztriai Mrs. Sporty sportklubban, ahol klubmenedzserk\u00e9nt t\u00f6bb sz\u00e1z, k\u00fcl\u00f6nb\u00f6z\u0151 koroszt\u00e1ly\u00fa h\u00f6lgy edz\u00e9sterv\u00e9\u00e9rt \u00e9s \u00e9letm\u00f3dtan\u00e1csad\u00e1s\u00e1\u00e9rt voltam felel\u0151s. A klubon bel\u00fcl sz\u00e1mos tov\u00e1bbk\u00e9pz\u00e9sen is r\u00e9szt vettem, amelyeket nagy tapasztalattal rendelkez\u0151 fizioterapeut\u00e1k, edz\u0151k, sportpszichol\u00f3gusok \u00e9s egy\u00e9b szakemberek tartottak. <br><br>B\u00e1r a k\u00fcl\u00f6nb\u00f6z\u0151 k\u00e9pz\u00e9seken sokr\u00e9t\u0171 \u00e9s komplex tud\u00e1sra tettem szert, a val\u00f3ban \u00e9rt\u00e9kes, gyakorlati ismereteimet az ezt k\u00f6vet\u0151 \u00e9vekben m\u00e9ly\u00edtettem el. Ez id\u0151 alatt sz\u00e1mos gyermek \u00e9s feln\u0151tt mozg\u00e1s\u00e1llapot\u00e1t m\u00e9rtem fel, \u00e9s seg\u00edtettem \u0151ket szem\u00e9lyi \u00e9s csoportos edz\u00e9sek, valamint k\u00fcl\u00f6nf\u00e9le fejleszt\u0151 programok r\u00e9v\u00e9n a megfelel\u0151 napi \u00e9s heti rutin kialak\u00edt\u00e1s\u00e1ban, illetve fizikai \u00e1llapotuk folyamatos \u00e9s \u00f6n\u00e1ll\u00f3 fejleszt\u00e9s\u00e9ben. <br><br>Emellett hossz\u00fa \u00e9vek \u00f3ta autodidakta m\u00f3don is fejlesztem magam, els\u0151sorban elismert szakemberek k\u00f6nyvei, cikkei \u00e9s podcastjai r\u00e9v\u00e9n. Sz\u00e1momra a tanul\u00e1s \u00e9s a fejl\u0151d\u00e9s mindennapos tev\u00e9kenys\u00e9g, amelynek k\u00f6sz\u00f6nhet\u0151en folyamatosan \u00faj elemeket tudok be\u00e9p\u00edteni a programjainkba. \n<\/p>\t\t\t\t<\/div>\n\t\t\t\t<\/div>\n\t\t\t\t<\/div>\n\t\t<div class=\"elementor-element elementor-element-26d138e e-con-full e-flex e-con e-child\" data-id=\"26d138e\" data-element_type=\"container\" data-e-type=\"container\">\n\t\t\t\t<div class=\"elementor-element elementor-element-d27e07d elementor-widget elementor-widget-image\" data-id=\"d27e07d\" data-element_type=\"widget\" data-e-type=\"widget\" data-widget_type=\"image.default\">\n\t\t\t\t<div class=\"elementor-widget-container\">\n\t\t\t\t\t\t\t\t\t\t\t\t\t\t\t<img fetchpriority=\"high\" decoding=\"async\" width=\"1280\" height=\"1385\" src=\"https:\/\/forc2e.com\/wp-content\/uploads\/2025\/11\/szerda-szabolcs-profil-v2.jpg\" class=\"attachment-full size-full wp-image-2465\" alt=\"\" srcset=\"https:\/\/forc2e.com\/wp-content\/uploads\/2025\/11\/szerda-szabolcs-profil-v2.jpg 1280w, https:\/\/forc2e.com\/wp-content\/uploads\/2025\/11\/szerda-szabolcs-profil-v2-600x649.jpg 600w, https:\/\/forc2e.com\/wp-content\/uploads\/2025\/11\/szerda-szabolcs-profil-v2-277x300.jpg 277w, https:\/\/forc2e.com\/wp-content\/uploads\/2025\/11\/szerda-szabolcs-profil-v2-946x1024.jpg 946w, https:\/\/forc2e.com\/wp-content\/uploads\/2025\/11\/szerda-szabolcs-profil-v2-768x831.jpg 768w\" sizes=\"(max-width: 1280px) 100vw, 1280px\" \/>\t\t\t\t\t\t\t\t\t\t\t\t\t\t\t<\/div>\n\t\t\t\t<\/div>\n\t\t\t\t<div class=\"elementor-element elementor-element-7a51731 elementor-widget__width-auto elementor-widget-tablet__width-initial elementor-absolute elementor-invisible elementor-widget elementor-widget-image\" data-id=\"7a51731\" data-element_type=\"widget\" data-e-type=\"widget\" data-settings=\"{&quot;_animation&quot;:&quot;zoomIn&quot;,&quot;_position&quot;:&quot;absolute&quot;}\" data-widget_type=\"image.default\">\n\t\t\t\t<div class=\"elementor-widget-container\">\n\t\t\t\t\t\t\t\t\t\t\t\t\t\t\t<img decoding=\"async\" width=\"140\" height=\"200\" src=\"https:\/\/forc2e.com\/wp-content\/uploads\/2025\/05\/Rectangle-9.jpg\" class=\"attachment-large size-large wp-image-23\" alt=\"\" \/>\t\t\t\t\t\t\t\t\t\t\t\t\t\t\t<\/div>\n\t\t\t\t<\/div>\n\t\t\t\t<div class=\"elementor-element elementor-element-2de62f0 elementor-widget__width-auto elementor-widget-tablet__width-initial elementor-absolute elementor-invisible elementor-widget elementor-widget-image\" data-id=\"2de62f0\" data-element_type=\"widget\" data-e-type=\"widget\" data-settings=\"{&quot;_animation&quot;:&quot;zoomIn&quot;,&quot;_position&quot;:&quot;absolute&quot;}\" data-widget_type=\"image.default\">\n\t\t\t\t<div class=\"elementor-widget-container\">\n\t\t\t\t\t\t\t\t\t\t\t\t\t\t\t<img decoding=\"async\" width=\"140\" height=\"200\" src=\"https:\/\/forc2e.com\/wp-content\/uploads\/2025\/05\/Rectangle-8.jpg\" class=\"attachment-large size-large wp-image-22\" alt=\"\" \/>\t\t\t\t\t\t\t\t\t\t\t\t\t\t\t<\/div>\n\t\t\t\t<\/div>\n\t\t\t\t<\/div>\n\t\t\t\t\t<\/div>\n\t\t\t\t<\/div>\n\t\t<div class=\"elementor-element elementor-element-b5e86de e-flex e-con-boxed e-con e-parent\" data-id=\"b5e86de\" data-element_type=\"container\" data-e-type=\"container\">\n\t\t\t\t\t<div class=\"e-con-inner\">\n\t\t<div class=\"elementor-element elementor-element-2fd8705 e-con-full e-flex e-con e-child\" data-id=\"2fd8705\" data-element_type=\"container\" data-e-type=\"container\">\n\t\t\t\t<div class=\"elementor-element elementor-element-5a9dce5 elementor-widget__width-inherit elementor-widget elementor-widget-image\" data-id=\"5a9dce5\" data-element_type=\"widget\" data-e-type=\"widget\" data-widget_type=\"image.default\">\n\t\t\t\t<div class=\"elementor-widget-container\">\n\t\t\t\t\t\t\t\t\t\t\t\t\t\t\t<img loading=\"lazy\" decoding=\"async\" width=\"450\" height=\"290\" src=\"https:\/\/forc2e.com\/wp-content\/uploads\/2025\/05\/image_6483441202_edited.avif\" class=\"attachment-full size-full wp-image-2436\" alt=\"\" srcset=\"https:\/\/forc2e.com\/wp-content\/uploads\/2025\/05\/image_6483441202_edited.avif 450w, https:\/\/forc2e.com\/wp-content\/uploads\/2025\/05\/image_6483441202_edited-300x193.avif 300w\" sizes=\"(max-width: 450px) 100vw, 450px\" \/>\t\t\t\t\t\t\t\t\t\t\t\t\t\t\t<\/div>\n\t\t\t\t<\/div>\n\t\t\t\t<div class=\"elementor-element elementor-element-dff0cd5 elementor-widget__width-auto elementor-widget-tablet__width-initial elementor-absolute elementor-invisible elementor-widget elementor-widget-image\" data-id=\"dff0cd5\" data-element_type=\"widget\" data-e-type=\"widget\" data-settings=\"{&quot;_animation&quot;:&quot;zoomIn&quot;,&quot;_position&quot;:&quot;absolute&quot;}\" data-widget_type=\"image.default\">\n\t\t\t\t<div class=\"elementor-widget-container\">\n\t\t\t\t\t\t\t\t\t\t\t\t\t\t\t<img decoding=\"async\" width=\"140\" height=\"200\" src=\"https:\/\/forc2e.com\/wp-content\/uploads\/2025\/05\/Rectangle-9.jpg\" class=\"attachment-large size-large wp-image-23\" alt=\"\" \/>\t\t\t\t\t\t\t\t\t\t\t\t\t\t\t<\/div>\n\t\t\t\t<\/div>\n\t\t\t\t<div class=\"elementor-element elementor-element-4046758 elementor-widget__width-auto elementor-widget-tablet__width-initial elementor-absolute elementor-invisible elementor-widget elementor-widget-image\" data-id=\"4046758\" data-element_type=\"widget\" data-e-type=\"widget\" data-settings=\"{&quot;_animation&quot;:&quot;zoomIn&quot;,&quot;_position&quot;:&quot;absolute&quot;}\" data-widget_type=\"image.default\">\n\t\t\t\t<div class=\"elementor-widget-container\">\n\t\t\t\t\t\t\t\t\t\t\t\t\t\t\t<img decoding=\"async\" width=\"140\" height=\"200\" src=\"https:\/\/forc2e.com\/wp-content\/uploads\/2025\/05\/Rectangle-8.jpg\" class=\"attachment-large size-large wp-image-22\" alt=\"\" \/>\t\t\t\t\t\t\t\t\t\t\t\t\t\t\t<\/div>\n\t\t\t\t<\/div>\n\t\t\t\t<\/div>\n\t\t<div class=\"elementor-element elementor-element-03e682a e-con-full e-flex e-con e-child\" data-id=\"03e682a\" data-element_type=\"container\" data-e-type=\"container\">\n\t\t<div class=\"elementor-element elementor-element-369993d e-con-full e-flex e-con e-child\" data-id=\"369993d\" data-element_type=\"container\" data-e-type=\"container\" data-settings=\"{&quot;background_background&quot;:&quot;classic&quot;}\">\n\t\t\t\t<div class=\"elementor-element elementor-element-9b0e50e elementor-widget elementor-widget-heading\" data-id=\"9b0e50e\" data-element_type=\"widget\" data-e-type=\"widget\" data-widget_type=\"heading.default\">\n\t\t\t\t<div class=\"elementor-widget-container\">\n\t\t\t\t\t<h2 class=\"elementor-heading-title elementor-size-default\">Programjaim \u00e9s k\u00e9pes\u00edt\u00e9seim:<\/h2>\t\t\t\t<\/div>\n\t\t\t\t<\/div>\n\t\t\t\t<\/div>\n\t\t<div class=\"elementor-element elementor-element-68e70a4 e-con-full e-flex e-con e-child\" data-id=\"68e70a4\" data-element_type=\"container\" data-e-type=\"container\" data-settings=\"{&quot;background_background&quot;:&quot;classic&quot;}\">\n\t\t\t\t<div class=\"elementor-element elementor-element-efd94bd elementor-view-default elementor-widget elementor-widget-icon\" data-id=\"efd94bd\" data-element_type=\"widget\" data-e-type=\"widget\" data-widget_type=\"icon.default\">\n\t\t\t\t<div class=\"elementor-widget-container\">\n\t\t\t\t\t\t\t<div class=\"elementor-icon-wrapper\">\n\t\t\t<div class=\"elementor-icon\">\n\t\t\t<svg xmlns=\"http:\/\/www.w3.org\/2000\/svg\" width=\"21\" height=\"22\" viewBox=\"0 0 21 22\" fill=\"none\"><path d=\"M1.96875 16.8759C1.96875 14.248 2.56102 12.1484 3.72873 10.6309C5.13885 8.79869 7.366 7.81021 10.3552 7.68799V3.45312L19.0312 10.8359L10.3552 18.2188V14.0085C8.54027 14.0573 7.16994 14.3194 6.07852 14.8222C4.89932 15.3657 4.04414 16.1778 3.12211 17.2299L1.96875 18.5469V16.8759Z\" fill=\"black\"><\/path><\/svg>\t\t\t<\/div>\n\t\t<\/div>\n\t\t\t\t\t\t<\/div>\n\t\t\t\t<\/div>\n\t\t\t\t<div class=\"elementor-element elementor-element-69ca07b elementor-widget elementor-widget-heading\" data-id=\"69ca07b\" data-element_type=\"widget\" data-e-type=\"widget\" data-widget_type=\"heading.default\">\n\t\t\t\t<div class=\"elementor-widget-container\">\n\t\t\t\t\t<h2 class=\"elementor-heading-title elementor-size-default\">FORC2E Kids \u00e9s FORC2E Coaching programok vezet\u0151 instruktora<\/h2>\t\t\t\t<\/div>\n\t\t\t\t<\/div>\n\t\t\t\t<\/div>\n\t\t<div class=\"elementor-element elementor-element-3f700e3 e-con-full e-flex e-con e-child\" data-id=\"3f700e3\" data-element_type=\"container\" data-e-type=\"container\" data-settings=\"{&quot;background_background&quot;:&quot;classic&quot;}\">\n\t\t\t\t<div class=\"elementor-element elementor-element-9f661e5 elementor-view-default elementor-widget elementor-widget-icon\" data-id=\"9f661e5\" data-element_type=\"widget\" data-e-type=\"widget\" data-widget_type=\"icon.default\">\n\t\t\t\t<div class=\"elementor-widget-container\">\n\t\t\t\t\t\t\t<div class=\"elementor-icon-wrapper\">\n\t\t\t<div class=\"elementor-icon\">\n\t\t\t<svg xmlns=\"http:\/\/www.w3.org\/2000\/svg\" width=\"21\" height=\"22\" viewBox=\"0 0 21 22\" fill=\"none\"><path d=\"M1.96875 16.8759C1.96875 14.248 2.56102 12.1484 3.72873 10.6309C5.13885 8.79869 7.366 7.81021 10.3552 7.68799V3.45312L19.0312 10.8359L10.3552 18.2188V14.0085C8.54027 14.0573 7.16994 14.3194 6.07852 14.8222C4.89932 15.3657 4.04414 16.1778 3.12211 17.2299L1.96875 18.5469V16.8759Z\" fill=\"black\"><\/path><\/svg>\t\t\t<\/div>\n\t\t<\/div>\n\t\t\t\t\t\t<\/div>\n\t\t\t\t<\/div>\n\t\t\t\t<div class=\"elementor-element elementor-element-b10a482 elementor-widget elementor-widget-heading\" data-id=\"b10a482\" data-element_type=\"widget\" data-e-type=\"widget\" data-widget_type=\"heading.default\">\n\t\t\t\t<div class=\"elementor-widget-container\">\n\t\t\t\t\t<h2 class=\"elementor-heading-title elementor-size-default\">Gymnastics Method \u2013 Level 1 instruktor<\/h2>\t\t\t\t<\/div>\n\t\t\t\t<\/div>\n\t\t\t\t<\/div>\n\t\t<div class=\"elementor-element elementor-element-07afb57 e-con-full e-flex e-con e-child\" data-id=\"07afb57\" data-element_type=\"container\" data-e-type=\"container\" data-settings=\"{&quot;background_background&quot;:&quot;classic&quot;}\">\n\t\t\t\t<div class=\"elementor-element elementor-element-da8b27a elementor-view-default elementor-widget elementor-widget-icon\" data-id=\"da8b27a\" data-element_type=\"widget\" data-e-type=\"widget\" data-widget_type=\"icon.default\">\n\t\t\t\t<div class=\"elementor-widget-container\">\n\t\t\t\t\t\t\t<div class=\"elementor-icon-wrapper\">\n\t\t\t<div class=\"elementor-icon\">\n\t\t\t<svg xmlns=\"http:\/\/www.w3.org\/2000\/svg\" width=\"21\" height=\"22\" viewBox=\"0 0 21 22\" fill=\"none\"><path d=\"M1.96875 16.8759C1.96875 14.248 2.56102 12.1484 3.72873 10.6309C5.13885 8.79869 7.366 7.81021 10.3552 7.68799V3.45312L19.0312 10.8359L10.3552 18.2188V14.0085C8.54027 14.0573 7.16994 14.3194 6.07852 14.8222C4.89932 15.3657 4.04414 16.1778 3.12211 17.2299L1.96875 18.5469V16.8759Z\" fill=\"black\"><\/path><\/svg>\t\t\t<\/div>\n\t\t<\/div>\n\t\t\t\t\t\t<\/div>\n\t\t\t\t<\/div>\n\t\t\t\t<div class=\"elementor-element elementor-element-8c5d30a elementor-widget elementor-widget-heading\" data-id=\"8c5d30a\" data-element_type=\"widget\" data-e-type=\"widget\" data-widget_type=\"heading.default\">\n\t\t\t\t<div class=\"elementor-widget-container\">\n\t\t\t\t\t<h2 class=\"elementor-heading-title elementor-size-default\">GFM instruktor<\/h2>\t\t\t\t<\/div>\n\t\t\t\t<\/div>\n\t\t\t\t<\/div>\n\t\t<div class=\"elementor-element elementor-element-a5e1731 e-con-full e-flex e-con e-child\" data-id=\"a5e1731\" data-element_type=\"container\" data-e-type=\"container\" data-settings=\"{&quot;background_background&quot;:&quot;classic&quot;}\">\n\t\t\t\t<div class=\"elementor-element elementor-element-ab7a295 elementor-view-default elementor-widget elementor-widget-icon\" data-id=\"ab7a295\" data-element_type=\"widget\" data-e-type=\"widget\" data-widget_type=\"icon.default\">\n\t\t\t\t<div class=\"elementor-widget-container\">\n\t\t\t\t\t\t\t<div class=\"elementor-icon-wrapper\">\n\t\t\t<div class=\"elementor-icon\">\n\t\t\t<svg xmlns=\"http:\/\/www.w3.org\/2000\/svg\" width=\"21\" height=\"22\" viewBox=\"0 0 21 22\" fill=\"none\"><path d=\"M1.96875 16.8759C1.96875 14.248 2.56102 12.1484 3.72873 10.6309C5.13885 8.79869 7.366 7.81021 10.3552 7.68799V3.45312L19.0312 10.8359L10.3552 18.2188V14.0085C8.54027 14.0573 7.16994 14.3194 6.07852 14.8222C4.89932 15.3657 4.04414 16.1778 3.12211 17.2299L1.96875 18.5469V16.8759Z\" fill=\"black\"><\/path><\/svg>\t\t\t<\/div>\n\t\t<\/div>\n\t\t\t\t\t\t<\/div>\n\t\t\t\t<\/div>\n\t\t\t\t<div class=\"elementor-element elementor-element-bce5df6 elementor-widget elementor-widget-heading\" data-id=\"bce5df6\" data-element_type=\"widget\" data-e-type=\"widget\" data-widget_type=\"heading.default\">\n\t\t\t\t<div class=\"elementor-widget-container\">\n\t\t\t\t\t<h2 class=\"elementor-heading-title elementor-size-default\">SMR System szak\u00e9rt\u0151<\/h2>\t\t\t\t<\/div>\n\t\t\t\t<\/div>\n\t\t\t\t<\/div>\n\t\t<div class=\"elementor-element elementor-element-4abf2a8 e-con-full e-flex e-con e-child\" data-id=\"4abf2a8\" data-element_type=\"container\" data-e-type=\"container\" data-settings=\"{&quot;background_background&quot;:&quot;classic&quot;}\">\n\t\t\t\t<div class=\"elementor-element elementor-element-cd15d06 elementor-view-default elementor-widget elementor-widget-icon\" data-id=\"cd15d06\" data-element_type=\"widget\" data-e-type=\"widget\" data-widget_type=\"icon.default\">\n\t\t\t\t<div class=\"elementor-widget-container\">\n\t\t\t\t\t\t\t<div class=\"elementor-icon-wrapper\">\n\t\t\t<div class=\"elementor-icon\">\n\t\t\t<svg xmlns=\"http:\/\/www.w3.org\/2000\/svg\" width=\"21\" height=\"22\" viewBox=\"0 0 21 22\" fill=\"none\"><path d=\"M1.96875 16.8759C1.96875 14.248 2.56102 12.1484 3.72873 10.6309C5.13885 8.79869 7.366 7.81021 10.3552 7.68799V3.45312L19.0312 10.8359L10.3552 18.2188V14.0085C8.54027 14.0573 7.16994 14.3194 6.07852 14.8222C4.89932 15.3657 4.04414 16.1778 3.12211 17.2299L1.96875 18.5469V16.8759Z\" fill=\"black\"><\/path><\/svg>\t\t\t<\/div>\n\t\t<\/div>\n\t\t\t\t\t\t<\/div>\n\t\t\t\t<\/div>\n\t\t\t\t<div class=\"elementor-element elementor-element-b783766 elementor-widget elementor-widget-heading\" data-id=\"b783766\" data-element_type=\"widget\" data-e-type=\"widget\" data-widget_type=\"heading.default\">\n\t\t\t\t<div class=\"elementor-widget-container\">\n\t\t\t\t\t<h2 class=\"elementor-heading-title elementor-size-default\">FMS szak\u00e9rt\u0151<\/h2>\t\t\t\t<\/div>\n\t\t\t\t<\/div>\n\t\t\t\t<\/div>\n\t\t\t\t<\/div>\n\t\t\t\t\t<\/div>\n\t\t\t\t<\/div>\n\t\t<div class=\"elementor-element elementor-element-d2974e2 e-flex e-con-boxed e-con e-parent\" data-id=\"d2974e2\" data-element_type=\"container\" data-e-type=\"container\">\n\t\t\t\t\t<div class=\"e-con-inner\">\n\t\t\t\t<div class=\"elementor-element elementor-element-7c0cf17 elementor-widget elementor-widget-heading\" data-id=\"7c0cf17\" data-element_type=\"widget\" data-e-type=\"widget\" data-widget_type=\"heading.default\">\n\t\t\t\t<div class=\"elementor-widget-container\">\n\t\t\t\t\t<p class=\"elementor-heading-title elementor-size-default\">Hivat\u00e1somnak tartom a gyermekek \u00e9s feln\u0151ttek mozg\u00e1smin\u0151s\u00e9g\u00e9nek \u00e9s \u00e9letm\u00f3dj\u00e1nak fejleszt\u00e9s\u00e9t.\n2020 szeptembere \u00f3ta csoportos edz\u00e9seinken m\u00e1r t\u00f6bb FORC2E Kids instruktor koll\u00e9g\u00e1mmal egy\u00fctt seg\u00edtj\u00fck a gyermekek saj\u00e1t tests\u00falyos er\u0151nl\u00e9t\u00e9nek fejleszt\u00e9s\u00e9t.<br><br>Csapatunk v\u00edzi\u00f3ja, hogy a mai mozg\u00e1sszeg\u00e9ny vil\u00e1gban hozz\u00e1j\u00e1ruljunk a gyermekek \u00e9s feln\u0151ttek mozg\u00e1sk\u00e9szs\u00e9g\u00e9nek fejleszt\u00e9s\u00e9hez. C\u00e9lunk, hogy szem\u00e9lyi \u00e9s csoportos edz\u00e9seinken kereszt\u00fcl min\u00e9l t\u00f6bb embernek ny\u00fajtsunk seg\u00edts\u00e9get abban, hogy a mozg\u00e1smin\u0151s\u00e9g jav\u00edt\u00e1s\u00e1n kereszt\u00fcl eg\u00e9szs\u00e9gesebb, akt\u00edvabb \u00e9letet \u00e9lhessenek. Fontos sz\u00e1munkra a komplex szeml\u00e9letm\u00f3d, ez\u00e9rt programjaink nemcsak a min\u0151s\u00e9gi mozg\u00e1s tan\u00edt\u00e1s\u00e1ra f\u00f3kusz\u00e1lnak, hanem az \u00e9letm\u00f3d valamennyi l\u00e9nyeges pill\u00e9r\u00e9re is \u2013 a tart\u00f3s fejl\u0151d\u00e9s \u00e9s az eredm\u00e9nyes v\u00e1ltoz\u00e1s \u00e9rdek\u00e9ben.  \n<\/p>\t\t\t\t<\/div>\n\t\t\t\t<\/div>\n\t\t\t\t\t<\/div>\n\t\t\t\t<\/div>\n\t\t\t\t<\/div>\n\t\t","protected":false},"excerpt":{"rendered":"<p>R\u00d3LAM Szerda Szabolcs vagyok. Tan\u00e1ri oklevelemet a pozsonyi Comenius Egyetem Pedag\u00f3giai Kar\u00e1nak n\u00e9met szak\u00e1n szereztem. Edz\u0151i tanulm\u00e1nyaimat B\u00e9csben kezdtem, a PFA Fitness Academy fitnesz- \u00e9s szem\u00e9lyi edz\u0151 szak\u00e1n. Ezt k\u00f6vet\u0151en r\u00e9szt vettem Budapesten egy Gymnastics Method instruktor- \u00e9s egy GFM-k\u00e9pz\u00e9sen, majd elv\u00e9geztem az SMR System szak\u00e9rt\u0151i k\u00e9pz\u00e9st is. M\u00edg az el\u0151bbi kett\u0151 a saj\u00e1t tests\u00falyos [&hellip;]<\/p>\n","protected":false},"author":2,"featured_media":0,"parent":0,"menu_order":0,"comment_status":"closed","ping_status":"closed","template":"elementor_header_footer","meta":{"_acf_changed":false,"footnotes":""},"class_list":["post-2462","page","type-page","status-publish","hentry"],"acf":[],"_links":{"self":[{"href":"https:\/\/forc2e.com\/en\/wp-json\/wp\/v2\/pages\/2462","targetHints":{"allow":["GET"]}}],"collection":[{"href":"https:\/\/forc2e.com\/en\/wp-json\/wp\/v2\/pages"}],"about":[{"href":"https:\/\/forc2e.com\/en\/wp-json\/wp\/v2\/types\/page"}],"author":[{"embeddable":true,"href":"https:\/\/forc2e.com\/en\/wp-json\/wp\/v2\/users\/2"}],"replies":[{"embeddable":true,"href":"https:\/\/forc2e.com\/en\/wp-json\/wp\/v2\/comments?post=2462"}],"version-history":[{"count":2,"href":"https:\/\/forc2e.com\/en\/wp-json\/wp\/v2\/pages\/2462\/revisions"}],"predecessor-version":[{"id":2467,"href":"https:\/\/forc2e.com\/en\/wp-json\/wp\/v2\/pages\/2462\/revisions\/2467"}],"wp:attachment":[{"href":"https:\/\/forc2e.com\/en\/wp-json\/wp\/v2\/media?parent=2462"}],"curies":[{"name":"wp","href":"https:\/\/api.w.org\/{rel}","templated":true}]}}