{"id":2336,"date":"2025-12-18T07:27:52","date_gmt":"2025-12-18T07:27:52","guid":{"rendered":"https:\/\/forc2e.com\/?page_id=2336"},"modified":"2025-12-18T10:16:49","modified_gmt":"2025-12-18T10:16:49","slug":"zasady-pouzivania-cookies-na-webstranke","status":"publish","type":"page","link":"https:\/\/forc2e.com\/sk\/zasady-pouzivania-cookies-na-webstranke\/","title":{"rendered":"ZA\u0301SADY POUZ\u030cI\u0301VANIA COOKIES NA WEBSTRA\u0301NKE"},"content":{"rendered":"\t\t<div data-elementor-type=\"wp-page\" data-elementor-id=\"2336\" class=\"elementor elementor-2336\" data-elementor-post-type=\"page\">\n\t\t\t\t<div class=\"elementor-element elementor-element-0839826 e-con-full e-flex e-con e-parent\" data-id=\"0839826\" data-element_type=\"container\" data-e-type=\"container\" data-settings=\"{&quot;background_background&quot;:&quot;classic&quot;}\">\n\t\t<div class=\"elementor-element elementor-element-94611ee e-flex e-con-boxed e-con e-child\" data-id=\"94611ee\" data-element_type=\"container\" data-e-type=\"container\">\n\t\t\t\t\t<div class=\"e-con-inner\">\n\t\t\t\t<div class=\"elementor-element elementor-element-8a32f62 elementor-widget elementor-widget-heading\" data-id=\"8a32f62\" data-element_type=\"widget\" data-e-type=\"widget\" data-widget_type=\"heading.default\">\n\t\t\t\t<div class=\"elementor-widget-container\">\n\t\t\t\t\t<h1 class=\"elementor-heading-title elementor-size-default\">ZA\u0301SADY POUZ\u030cI\u0301VANIA COOKIES NA WEBSTRA\u0301NKE<\/h1>\t\t\t\t<\/div>\n\t\t\t\t<\/div>\n\t\t\t\t\t<\/div>\n\t\t\t\t<\/div>\n\t\t\t\t<\/div>\n\t\t<div class=\"elementor-element elementor-element-cfca71a e-flex e-con-boxed e-con e-parent\" data-id=\"cfca71a\" data-element_type=\"container\" data-e-type=\"container\">\n\t\t\t\t\t<div class=\"e-con-inner\">\n\t\t<div class=\"elementor-element elementor-element-03e4eeb e-con-full e-flex e-con e-child\" data-id=\"03e4eeb\" data-element_type=\"container\" data-e-type=\"container\">\n\t\t\t\t<div class=\"elementor-element elementor-element-a1b3666 elementor-widget elementor-widget-text-editor\" data-id=\"a1b3666\" data-element_type=\"widget\" data-e-type=\"widget\" data-widget_type=\"text-editor.default\">\n\t\t\t\t<div class=\"elementor-widget-container\">\n\t\t\t\t\t\t\t\t\t<p><strong>Z\u00c1SADY POU\u017d\u00cdVANIA COOKIES NA WEBSTR\u00c1NKE<\/strong><\/p><p><strong>I.<\/strong><br \/><strong>Prev\u00e1dzkovate\u013e\u00a0<\/strong><\/p>\t\t\t\t\t\t\t\t<\/div>\n\t\t\t\t<\/div>\n\t\t\t\t<div class=\"elementor-element elementor-element-3c36333 elementor-widget elementor-widget-text-editor\" data-id=\"3c36333\" data-element_type=\"widget\" data-e-type=\"widget\" data-widget_type=\"text-editor.default\">\n\t\t\t\t<div class=\"elementor-widget-container\">\n\t\t\t\t\t\t\t\t\t<p><span style=\"text-decoration: underline;\">Prev\u00e1dzkovate\u013eom webstr\u00e1nky je:<\/span><\/p><p><strong>Mgr. Szabolcs Szerda <\/strong><br \/><strong>\u010d. 234, 930 30 B\u00e1\u010d, Slovensk\u00e1 republika<\/strong><br \/>I\u010cO: 43\u00a0838 944<br \/>(\u010falej len \u201e<strong>My<\/strong>\u201c).<\/p><p>Ak m\u00e1te ak\u00e9ko\u013evek ot\u00e1zky, m\u00f4\u017eete n\u00e1s kontaktova\u0165<\/p><ul><li><strong>email: <a style=\"text-decoration: underline;\" href=\"mailto:szerdaszabolcs@gmail.com\">szerdaszabolcs@gmail.com<\/a><\/strong><\/li><li><strong>telef\u00f3n: <a href=\"tel:+421907148921\">+421\u00a0907\u00a0148\u00a0921<\/a><\/strong><\/li><li>alebo po\u0161tou na adresu n\u00e1\u0161ho miesta podnikania.<\/li><\/ul>\t\t\t\t\t\t\t\t<\/div>\n\t\t\t\t<\/div>\n\t\t\t\t<div class=\"elementor-element elementor-element-ea315ae elementor-widget elementor-widget-text-editor\" data-id=\"ea315ae\" data-element_type=\"widget\" data-e-type=\"widget\" data-widget_type=\"text-editor.default\">\n\t\t\t\t<div class=\"elementor-widget-container\">\n\t\t\t\t\t\t\t\t\t<p><strong>II.<\/strong><\/p><p><strong>\u00da\u010del sprac\u00favania cookies<\/strong><\/p>\t\t\t\t\t\t\t\t<\/div>\n\t\t\t\t<\/div>\n\t\t\t\t<div class=\"elementor-element elementor-element-9632b88 elementor-widget elementor-widget-text-editor\" data-id=\"9632b88\" data-element_type=\"widget\" data-e-type=\"widget\" data-widget_type=\"text-editor.default\">\n\t\t\t\t<div class=\"elementor-widget-container\">\n\t\t\t\t\t\t\t\t\tPod pojmom cookies sa rozumej\u00fa mal\u00e9 textov\u00e9 s\u00fabory, ktor\u00e9 webov\u00fd server uklad\u00e1 do V\u00e1\u0161ho koncov\u00e9ho zariadenia pri n\u00e1v\u0161teve a prezeran\u00ed na\u0161ich webov\u00fdch str\u00e1nok. Pou\u017e\u00edvaj\u00fa sa za \u00fa\u010delom ukladania \u00fadajov o u\u017e\u00edvate\u013eovi a jeho nastaveniach, tak\u017ee nie je potrebn\u00e9, aby webov\u00e1 str\u00e1nka tieto inform\u00e1cie opakovane po\u017eadovala. S\u00fabory cookies s\u00fa jednoduch\u00e9 s\u00fabory, ktor\u00fdch opr\u00e1vnenie nezah\u0155\u0148a vykona\u0165 zmenu v programe a ani in\u00e9 \u00falohy. Taktie\u017e neumo\u017e\u0148uj\u00fa pr\u00edstup do V\u00e1\u0161ho po\u010d\u00edta\u010da. S\u00fabory cookies dok\u00e1\u017eu uklada\u0165 iba text, ktor\u00fd je v\u017edy anonymn\u00fd. Na\u0161a firma nikdy neuklad\u00e1 do s\u00faboru cookies \u017eiadne osobn\u00e9 \u00fadaje. Prostredn\u00edctvom cookies dok\u00e1\u017eeme ako prev\u00e1dzkovate\u013e webstr\u00e1nky zabezpe\u010dova\u0165 korektn\u00fa funk\u010dnos\u0165 svojej webstr\u00e1nky a r\u00f4zne jej funkcie.\n\nNa na\u0161ej webstr\u00e1nke sprac\u00favame:\n\n<ul>\n<li><strong>nevyhnutn\u00e9 cookies &#8211;<\/strong> tieto s\u00fa rovnako ozna\u010dovan\u00e9 aj ako funk\u010dn\u00e9 \u010di esenci\u00e1lne \u010di technick\u00e9 cookies. Tie s\u00fa tak\u00e9 cookies, ktor\u00fdch jedin\u00fdm \u00fa\u010delom je prenos alebo u\u013eah\u010denie prenosu spr\u00e1vy prostredn\u00edctvom siete, alebo ak je to bezpodmiene\u010dne potrebn\u00e9 pre poskytovate\u013ea slu\u017eieb informa\u010dnej spolo\u010dnosti na poskytovanie slu\u017eby informa\u010dnej spolo\u010dnosti, ktor\u00fa v\u00fdslovne po\u017eaduje u\u017e\u00edvate\u013e. Tieto cookies do V\u00e1\u0161ho zariadenia uklad\u00e1 n\u00e1\u0161 webov\u00fd server a in\u00e9 webov\u00e9 servery k t\u00fdmto s\u00faborom nemaj\u00fa pr\u00edstup. Nevyhnutn\u00e9 cookies zabezpe\u010duj\u00fa spr\u00e1vne fungovanie webstr\u00e1nky a maj\u00fa tie\u017e za \u00fa\u010del zv\u00fd\u0161enie u\u017e\u00edvate\u013esk\u00e9ho komfortu V\u00e1s ako  n\u00e1v\u0161tevn\u00edka webstr\u00e1nky. Nevyhnutn\u00e9 cookies zabezpe\u010duj\u00fa, aby spr\u00e1vne fungovalo nielen prezeranie webstr\u00e1nky, ale aby spr\u00e1vne fungovali aj funkcionality, ktor\u00e9 maj\u00fa sl\u00fa\u017ei\u0165 n\u00e1v\u0161tevn\u00edkovi webstr\u00e1nky. Pou\u017e\u00edvame tieto nevyhnutn\u00e9 cookies:<\/li>\n<ul>\n \t<li>Autentifika\u010dn\u00e9 cookies<\/li>\n \t<li>Cookies, ktor\u00e9 ukladaj\u00fa produkty v ko\u0161\u00edku<\/li>\n \t<li>Bezpe\u010dnostn\u00e9 cookies<\/li>\n \t<li>Cookies na vyrovn\u00e1vanie z\u00e1\u0165a\u017ee<\/li>\n \t<li>Cookies na preferenciu jazyka<\/li>\n \t<li>Cookies na zdie\u013eanie soci\u00e1lnych siet\u00ed<\/li>\n \t<li>Cookies z \u201elive chatov\u201c<\/li>\n \t<li>Cookies, \u017ee pou\u017e\u00edvate\u013e bol informovan\u00fd\/akceptoval cookies<\/li>\n \t<li>Cookies, ktor\u00e9 sa t\u00fdkaj\u00fa pre\u010d\u00edtania \u010di zru\u0161enia Inform\u00e1ci\u00ed pod\u013ea GDPR<\/li>\n<\/ul>\n<\/ul>\n\t\t\t\t\t\t\t\t<\/div>\n\t\t\t\t<\/div>\n\t\t\t\t<div class=\"elementor-element elementor-element-367ae29 elementor-widget elementor-widget-text-editor\" data-id=\"367ae29\" data-element_type=\"widget\" data-e-type=\"widget\" data-widget_type=\"text-editor.default\">\n\t\t\t\t<div class=\"elementor-widget-container\">\n\t\t\t\t\t\t\t\t\t<p><b>III.<\/b><\/p><p><strong>Pr\u00e1vny z\u00e1klad sprac\u00favania cookies<\/strong><\/p>\t\t\t\t\t\t\t\t<\/div>\n\t\t\t\t<\/div>\n\t\t\t\t<div class=\"elementor-element elementor-element-d649317 elementor-widget elementor-widget-text-editor\" data-id=\"d649317\" data-element_type=\"widget\" data-e-type=\"widget\" data-widget_type=\"text-editor.default\">\n\t\t\t\t<div class=\"elementor-widget-container\">\n\t\t\t\t\t\t\t\t\t<p>Pr\u00e1vnym z\u00e1kladom, na z\u00e1klade ktor\u00e9ho sprac\u00favame <strong>nevyhnutn\u00e9 cookies<\/strong> je z\u00e1kon, konkr\u00e9tne ide o ustanovenie \u00a7 109 ods. 8) z\u00e1kona \u010d. 452\/2021 Z.z. o elektronick\u00fdch komunik\u00e1ci\u00e1ch.<\/p><p>Uveden\u00e9 z\u00e1konn\u00e9 ustanovenie hovor\u00ed:<br \/>\u201eKa\u017ed\u00fd, kto uklad\u00e1 alebo z\u00edskava pr\u00edstup k inform\u00e1ci\u00e1m ulo\u017een\u00fdm v koncovom zariaden\u00ed u\u017e\u00edvate\u013ea, je na to opr\u00e1vnen\u00fd iba ak dotknut\u00fd u\u017e\u00edvate\u013e udelil preuk\u00e1zate\u013en\u00fd s\u00fahlas. Povinnos\u0165 z\u00edskania s\u00fahlasu sa nevz\u0165ahuje na org\u00e1n \u010dinn\u00fd v trestnom konan\u00ed a in\u00fd org\u00e1n \u0161t\u00e1tu. <span style=\"text-decoration: underline;\">To nebr\u00e1ni technick\u00e9mu ulo\u017eeniu \u00fadajov alebo pr\u00edstupu k nim, ktor\u00fdch jedin\u00fdm \u00fa\u010delom je prenos alebo u\u013eah\u010denie prenosu spr\u00e1vy prostredn\u00edctvom siete, alebo ak je to bezpodmiene\u010dne potrebn\u00e9 pre poskytovate\u013ea slu\u017eieb informa\u010dnej spolo\u010dnosti na poskytovanie slu\u017eby informa\u010dnej spolo\u010dnosti, ktor\u00fa v\u00fdslovne po\u017eaduje u\u017e\u00edvate\u013e.\u201c<\/span><\/p>\t\t\t\t\t\t\t\t<\/div>\n\t\t\t\t<\/div>\n\t\t\t\t<div class=\"elementor-element elementor-element-6d7c9d9 elementor-widget elementor-widget-text-editor\" data-id=\"6d7c9d9\" data-element_type=\"widget\" data-e-type=\"widget\" data-widget_type=\"text-editor.default\">\n\t\t\t\t<div class=\"elementor-widget-container\">\n\t\t\t\t\t\t\t\t\t<p><strong>IV.<\/strong><br \/><strong>Identifik\u00e1cia pr\u00edjemcu alebo kateg\u00f3rie pr\u00edjemcov<\/strong><\/p>\t\t\t\t\t\t\t\t<\/div>\n\t\t\t\t<\/div>\n\t\t\t\t<div class=\"elementor-element elementor-element-af01caa elementor-widget elementor-widget-text-editor\" data-id=\"af01caa\" data-element_type=\"widget\" data-e-type=\"widget\" data-widget_type=\"text-editor.default\">\n\t\t\t\t<div class=\"elementor-widget-container\">\n\t\t\t\t\t\t\t\t\t<p>Nami sprac\u00favan\u00e9 <strong>nevyhnutn\u00e9 cookies<\/strong> sa nespr\u00edstup\u0148uj\u00fa a neposkytuj\u00fa \u017eiadnemu pr\u00edjemcovi, tieto cookies sprac\u00favame my sami, vlastn\u00fdmi prostriedkami, pre svoje vlastn\u00e9 potreby.<\/p>\t\t\t\t\t\t\t\t<\/div>\n\t\t\t\t<\/div>\n\t\t\t\t<div class=\"elementor-element elementor-element-a80dcde elementor-widget elementor-widget-text-editor\" data-id=\"a80dcde\" data-element_type=\"widget\" data-e-type=\"widget\" data-widget_type=\"text-editor.default\">\n\t\t\t\t<div class=\"elementor-widget-container\">\n\t\t\t\t\t\t\t\t\t<p><strong>V.<\/strong><br \/><strong>Prenos cookies do tretej krajiny alebo medzin\u00e1rodnej organiz\u00e1cii<\/strong><\/p>\t\t\t\t\t\t\t\t<\/div>\n\t\t\t\t<\/div>\n\t\t\t\t<div class=\"elementor-element elementor-element-485fa15 elementor-widget elementor-widget-text-editor\" data-id=\"485fa15\" data-element_type=\"widget\" data-e-type=\"widget\" data-widget_type=\"text-editor.default\">\n\t\t\t\t<div class=\"elementor-widget-container\">\n\t\t\t\t\t\t\t\t\t<p>Nami sprac\u00favan\u00e9 cookies nie s\u00fa prenesen\u00e9 a nie s\u00fa \u017eiadnym sp\u00f4sobom poskytnut\u00e9 do tretej krajiny alebo medzin\u00e1rodnej organiz\u00e1cii.<\/p>\t\t\t\t\t\t\t\t<\/div>\n\t\t\t\t<\/div>\n\t\t\t\t<div class=\"elementor-element elementor-element-db28383 elementor-widget elementor-widget-text-editor\" data-id=\"db28383\" data-element_type=\"widget\" data-e-type=\"widget\" data-widget_type=\"text-editor.default\">\n\t\t\t\t<div class=\"elementor-widget-container\">\n\t\t\t\t\t\t\t\t\t<p><strong>VI.<\/strong><br \/><strong>Doba uchov\u00e1vania cookies<\/strong><\/p>\t\t\t\t\t\t\t\t<\/div>\n\t\t\t\t<\/div>\n\t\t\t\t<div class=\"elementor-element elementor-element-0d8417b elementor-widget elementor-widget-text-editor\" data-id=\"0d8417b\" data-element_type=\"widget\" data-e-type=\"widget\" data-widget_type=\"text-editor.default\">\n\t\t\t\t<div class=\"elementor-widget-container\">\n\t\t\t\t\t\t\t\t\tZ \u010dasov\u00e9ho h\u013eadiska vyu\u017e\u00edvame\n<ul>\n \t<li><strong>do\u010dasn\u00e9 cookies<\/strong> \u2013 tieto cookies s\u00fa platn\u00e9 iba po\u010das Va\u0161ej n\u00e1v\u0161tevy na na\u0161ej webstr\u00e1nke (tzv. po\u010das rel\u00e1cie). Po ukon\u010den\u00ed prehliadania, odchode z na\u0161ej webstr\u00e1nky, alebo zatvoren\u00ed prehliada\u010da tieto cookies vo Va\u0161om po\u010d\u00edta\u010di neost\u00e1vaj\u00fa ulo\u017een\u00e9<\/li>\n \t<li><strong>trval\u00e9 cookies<\/strong> &#8211; tieto cookies ost\u00e1vaj\u00fa v prehliada\u010di V\u00e1\u0161ho po\u010d\u00edta\u010da ulo\u017een\u00e9 aj po ukon\u010den\u00ed prehliadania, odchode z na\u0161ej webstr\u00e1nky, alebo zatvoren\u00ed prehliada\u010da. Doba ulo\u017eenia t\u00fdchto cookies je uveden\u00e1 ni\u017e\u0161ie, pri\u010dom plat\u00ed v\u0161eobecn\u00e9 pravidlo, \u017ee cookies uchov\u00e1vame po nevyhnutn\u00fa dobu\n<ul>\n \t<li>nami sprac\u00favan\u00e9 nevyhnutn\u00e9 cookies uchov\u00e1vame po nevyhnutn\u00fa dobu nami stanoven\u00fa, konkr\u00e9tne\n<ul>\n \t<li>Autentifika\u010dn\u00e9 cookies \u2013 po dobu 1 roka od prv\u00e9ho prihl\u00e1senia na webstr\u00e1nku<\/li>\n \t<li>Cookies, ktor\u00e9 ukladaj\u00fa produkty v\u00a0ko\u0161\u00edku \u2013 po dobu 1 roka od prv\u00e9ho prihl\u00e1senia<\/li>\n \t<li>Bezpe\u010dnostn\u00e9 cookies &#8211; po dobu1 roka od prv\u00e9ho prihl\u00e1senia<\/li>\n \t<li>Cookies na vyrovn\u00e1vanie z\u00e1\u0165a\u017ee &#8211; po dobu 4 mesiace od prv\u00e9ho prihl\u00e1senia<\/li>\n \t<li>Cookies na preferenciu jazyka &#8211; po dobu 1 roka od prv\u00e9ho prihl\u00e1senia na webstr\u00e1nku<\/li>\n \t<li>Cookies na zdie\u013eanie soci\u00e1lnych siet\u00ed &#8211; po dobu 1 roka od prv\u00e9ho prihl\u00e1senia<\/li>\n \t<li>Cookies z \u201elive chatov\u201c &#8211; po dobu 4 mesiacov od prv\u00e9ho prihl\u00e1senia<\/li>\n \t<li>Cookies, \u017ee pou\u017e\u00edvate\u013e bol informovan\u00fd\/akceptoval cookies \u2013 po dobu 1 roka od prv\u00e9ho prihl\u00e1senia na webstr\u00e1nku<\/li>\n \t<li>Cookies, ktor\u00e9 sa t\u00fdkaj\u00fa pre\u010d\u00edtania \u010di zru\u0161enia Inform\u00e1ci\u00ed pod\u013ea GDPR &#8211; po dobu 1 roka od prv\u00e9ho prihl\u00e1senia na webstr\u00e1nku.<\/li>\n<\/ul>\n<\/li>\n<\/ul>\n<\/li>\n<\/ul>\t\t\t\t\t\t\t\t<\/div>\n\t\t\t\t<\/div>\n\t\t\t\t<div class=\"elementor-element elementor-element-cfdf017 elementor-widget elementor-widget-text-editor\" data-id=\"cfdf017\" data-element_type=\"widget\" data-e-type=\"widget\" data-widget_type=\"text-editor.default\">\n\t\t\t\t<div class=\"elementor-widget-container\">\n\t\t\t\t\t\t\t\t\t<p><strong>VII.<\/strong><br \/><strong>Pr\u00e1va dotknutej osoby<\/strong><\/p>\t\t\t\t\t\t\t\t<\/div>\n\t\t\t\t<\/div>\n\t\t\t\t<div class=\"elementor-element elementor-element-2c61283 elementor-widget elementor-widget-text-editor\" data-id=\"2c61283\" data-element_type=\"widget\" data-e-type=\"widget\" data-widget_type=\"text-editor.default\">\n\t\t\t\t<div class=\"elementor-widget-container\">\n\t\t\t\t\t\t\t\t\tAko dotknut\u00e1 osoba m\u00e1te tieto pr\u00e1va pri sprac\u00favan\u00ed cookies z\u00a0na\u0161ej strany:\n<ul>\n \t<li><strong>pr\u00e1vo poda\u0165 n\u00e1vrh na za\u010datie konania dozorn\u00e9mu org\u00e1nu<\/strong> &#8211; ak sa domnievate, \u017ee cookies sprac\u00favame nespravodlivo alebo nez\u00e1konne, m\u00f4\u017eete poda\u0165 s\u0165a\u017enos\u0165 na dozorn\u00fd org\u00e1n, ktor\u00fdm je \u00darad pre regul\u00e1ciu elektronick\u00fdch komunik\u00e1ci\u00ed a po\u0161tov\u00fdch slu\u017eieb, odbor \u0161t\u00e1tneho doh\u013eadu elektronick\u00fdch komunik\u00e1ci\u00ed, Tov\u00e1rensk\u00e1 7, P.O. BOX 40, 828 55 Bratislava 24, email:<a href=\"mailto:e-podatelna@teleoff.gov.sk;\" style=\"text-decoration: underline;font-weight:700;\">\ne-podatelna@teleoff.gov.sk<\/a><\/li>\n \t<li><strong>pr\u00e1vo na pr\u00edstup k \u00fadajom<\/strong> &#8211; m\u00e1te pr\u00e1vo na poskytnutie k\u00f3pie \u00fadajov, ktor\u00e9 o V\u00e1s m\u00e1me k\u00a0dispoz\u00edcii v\u00a0s\u00favislosti so sprac\u00favan\u00edm cookies, ako aj na inform\u00e1cie o tom, ako tak\u00e9to \u00fadaje pou\u017e\u00edvame. Vo v\u00e4\u010d\u0161ine pr\u00edpadov V\u00e1m bud\u00fa \u00fadaje poskytnut\u00e9 v p\u00edsomnej listinnej forme, pokia\u013e nepo\u017eadujete in\u00fd sp\u00f4sob ich poskytnutia. Ak ste o poskytnutie t\u00fdchto inform\u00e1ci\u00ed po\u017eiadali elektronick\u00fdmi prostriedkami, bud\u00fa V\u00e1m poskytnut\u00e9 elektronicky, ak to bude technicky mo\u017en\u00e9<\/li>\n \t<li><strong>pr\u00e1vo na opravu \u00fadajov<\/strong> &#8211; prij\u00edmame primeran\u00e9 opatrenia, aby sme zabezpe\u010dili presnos\u0165, \u00faplnos\u0165 a aktu\u00e1lnos\u0165 inform\u00e1ci\u00ed, ktor\u00e9 m\u00e1me k\u00a0dispoz\u00edcii v\u00a0s\u00favislosti so sprac\u00favan\u00edm cookies. Ak si mysl\u00edte, \u017ee \u00fadaje, ktor\u00fdmi disponujeme s\u00fa nepresn\u00e9, ne\u00fapln\u00e9 alebo neaktu\u00e1lne, pros\u00edm, nev\u00e1hajte n\u00e1s po\u017eiada\u0165, aby sme tieto inform\u00e1cie upravili, aktualizovali alebo doplnili<\/li>\n \t<li><strong>pr\u00e1vo na v\u00fdmaz osobn\u00fdch \u00fadajov<\/strong> &#8211; m\u00e1te pr\u00e1vo n\u00e1s po\u017eiada\u0165 o vymazanie Va\u0161ich \u00fadajov, napr\u00edklad v pr\u00edpade, ak \u00fadaje, ktor\u00e9 sme o V\u00e1s z\u00edskali, u\u017e viac nie s\u00fa potrebn\u00e9 na naplnenie p\u00f4vodn\u00e9ho \u00fa\u010delu sprac\u00favania. Va\u0161e pr\u00e1vo je v\u0161ak potrebn\u00e9 pos\u00fadi\u0165 z poh\u013eadu v\u0161etk\u00fdch relevantn\u00fdch okolnost\u00ed. Napr\u00edklad, m\u00f4\u017eeme ma\u0165 ur\u010dit\u00e9 pr\u00e1vne a regula\u010dn\u00e9 povinnosti, \u010do znamen\u00e1, \u017ee nebudeme m\u00f4c\u0165 Va\u0161ej \u017eiadosti vyhovie\u0165<\/li>\n \t<li><strong>pr\u00e1vo na obmedzenie sprac\u00favania osobn\u00fdch \u00fadajov<\/strong> &#8211; za ur\u010dit\u00fdch okolnost\u00ed ste opr\u00e1vnen\u00fd n\u00e1s po\u017eiada\u0165, aby sme prestali pou\u017e\u00edva\u0165 Va\u0161e \u00fadaje. Ide napr\u00edklad o pr\u00edpady, ke\u010f si mysl\u00edte, \u017ee \u00fadaje, ktor\u00e9 o V\u00e1s m\u00e1me, m\u00f4\u017eu by\u0165 nepresn\u00e9 alebo ke\u010f si mysl\u00edte, \u017ee u\u017e Va\u0161e \u00fadaje nepotrebujeme vyu\u017e\u00edva\u0165<\/li>\n \t<li><strong>pr\u00e1vo na prenosnos\u0165 \u00fadajov\u00a0<\/strong>&#8211; za ur\u010dit\u00fdch okolnost\u00ed m\u00e1te pr\u00e1vo po\u017eiada\u0165 n\u00e1s o prenos osobn\u00fdch \u00fadajov, ktor\u00e9 ste n\u00e1m poskytli, na in\u00fa tretiu stranu pod\u013ea V\u00e1\u0161ho v\u00fdberu. Pr\u00e1vo na prenosnos\u0165 sa v\u0161ak t\u00fdka len osobn\u00fdch \u00fadajov, ktor\u00e9 sme od V\u00e1s z\u00edskali na z\u00e1klade s\u00fahlasu alebo na z\u00e1klade zmluvy, ktorej ste jednou zo zmluvn\u00fdch str\u00e1n.<\/li>\n<\/ul>\t\t\t\t\t\t\t\t<\/div>\n\t\t\t\t<\/div>\n\t\t\t\t<div class=\"elementor-element elementor-element-ca50d7b elementor-widget elementor-widget-text-editor\" data-id=\"ca50d7b\" data-element_type=\"widget\" data-e-type=\"widget\" data-widget_type=\"text-editor.default\">\n\t\t\t\t<div class=\"elementor-widget-container\">\n\t\t\t\t\t\t\t\t\t<p><strong>VIII.<\/strong><br \/><strong>Profilovanie. Automatizovan\u00e9 rozhodovanie<\/strong><\/p>\t\t\t\t\t\t\t\t<\/div>\n\t\t\t\t<\/div>\n\t\t\t\t<div class=\"elementor-element elementor-element-66f29d8 elementor-widget elementor-widget-text-editor\" data-id=\"66f29d8\" data-element_type=\"widget\" data-e-type=\"widget\" data-widget_type=\"text-editor.default\">\n\t\t\t\t<div class=\"elementor-widget-container\">\n\t\t\t\t\t\t\t\t\t<p>Pri sprac\u00favan\u00ed <strong>nevyhnutn\u00fdch cookies<\/strong> nevykon\u00e1vame \u017eiadne profilovanie. <\/p>\t\t\t\t\t\t\t\t<\/div>\n\t\t\t\t<\/div>\n\t\t\t\t<div class=\"elementor-element elementor-element-85bbab0 elementor-widget elementor-widget-text-editor\" data-id=\"85bbab0\" data-element_type=\"widget\" data-e-type=\"widget\" data-widget_type=\"text-editor.default\">\n\t\t\t\t<div class=\"elementor-widget-container\">\n\t\t\t\t\t\t\t\t\t<p><strong>IX.<\/strong><br \/><strong>Inform\u00e1cia, \u010di je poskytovanie \u00fadajov z\u00e1konnou alebo zmluvnou po\u017eiadavkou<\/strong><\/p>\t\t\t\t\t\t\t\t<\/div>\n\t\t\t\t<\/div>\n\t\t\t\t<div class=\"elementor-element elementor-element-916cb08 elementor-widget elementor-widget-text-editor\" data-id=\"916cb08\" data-element_type=\"widget\" data-e-type=\"widget\" data-widget_type=\"text-editor.default\">\n\t\t\t\t<div class=\"elementor-widget-container\">\n\t\t\t\t\t\t\t\t\t<p>Poskytovanie nevyhnutn\u00fdch cookies z\u00a0Va\u0161ej strany nie je zmluvnou po\u017eiadavkou a\u00a0ani z\u00e1konnou po\u017eiadavkou, av\u0161ak ich sprac\u00favanie n\u00e1m umo\u017e\u0148uje z\u00e1kon.<\/p>\t\t\t\t\t\t\t\t<\/div>\n\t\t\t\t<\/div>\n\t\t\t\t<div class=\"elementor-element elementor-element-b777aff elementor-widget elementor-widget-text-editor\" data-id=\"b777aff\" data-element_type=\"widget\" data-e-type=\"widget\" data-widget_type=\"text-editor.default\">\n\t\t\t\t<div class=\"elementor-widget-container\">\n\t\t\t\t\t\t\t\t\t<p><strong>X.<\/strong><br \/><strong>Inform\u00e1cia, \u010di je dotknut\u00e1 osoba povinn\u00e1 poskytn\u00fa\u0165 cookies, ako aj o mo\u017en\u00fdch n\u00e1sledkoch neposkytnutia cookies<\/strong><\/p>\t\t\t\t\t\t\t\t<\/div>\n\t\t\t\t<\/div>\n\t\t\t\t<div class=\"elementor-element elementor-element-94620d4 elementor-widget elementor-widget-text-editor\" data-id=\"94620d4\" data-element_type=\"widget\" data-e-type=\"widget\" data-widget_type=\"text-editor.default\">\n\t\t\t\t<div class=\"elementor-widget-container\">\n\t\t\t\t\t\t\t\t\t<p>Nie ste povinn\u00fd poskytn\u00fa\u0165 n\u00e1m \u00fadaje pri sprac\u00favan\u00ed nevyhnutn\u00fdch cookies, Va\u0161e odmietnutie ale m\u00f4\u017ee ma\u0165 ur\u010dit\u00e9 n\u00e1sledky. Ak odmietnete spracovanie nevyhnutn\u00fdch cookies, m\u00f4\u017ee to ma\u0165 za n\u00e1sledok\u00a0nespr\u00e1vne fungovanie webstr\u00e1nky, alebo\u00a0obmedzenie funkcionality webstr\u00e1nky.<\/p>\t\t\t\t\t\t\t\t<\/div>\n\t\t\t\t<\/div>\n\t\t\t\t<div class=\"elementor-element elementor-element-ad18269 elementor-widget elementor-widget-text-editor\" data-id=\"ad18269\" data-element_type=\"widget\" data-e-type=\"widget\" data-widget_type=\"text-editor.default\">\n\t\t\t\t<div class=\"elementor-widget-container\">\n\t\t\t\t\t\t\t\t\t<p><strong>XI.<\/strong><br \/><strong>Inform\u00e1cie o\u00a0sprac\u00favan\u00ed na in\u00fd \u00fa\u010del<\/strong><\/p>\t\t\t\t\t\t\t\t<\/div>\n\t\t\t\t<\/div>\n\t\t\t\t<div class=\"elementor-element elementor-element-c9e5704 elementor-widget elementor-widget-text-editor\" data-id=\"c9e5704\" data-element_type=\"widget\" data-e-type=\"widget\" data-widget_type=\"text-editor.default\">\n\t\t\t\t<div class=\"elementor-widget-container\">\n\t\t\t\t\t\t\t\t\t<p>\u00dadaje z\u00edskan\u00e9 pri sprac\u00favan\u00ed cookies nie s\u00fa pou\u017eit\u00e9 na \u017eiaden in\u00fd \u00fa\u010del. P\u00f4vodn\u00fd \u00fa\u010del (\u010dl. II.) zost\u00e1va nedotknut\u00fd.<\/p>\t\t\t\t\t\t\t\t<\/div>\n\t\t\t\t<\/div>\n\t\t\t\t<\/div>\n\t\t\t\t\t<\/div>\n\t\t\t\t<\/div>\n\t\t\t\t<\/div>\n\t\t","protected":false},"excerpt":{"rendered":"<p>ZA\u0301SADY POUZ\u030cI\u0301VANIA COOKIES NA WEBSTRA\u0301NKE Z\u00c1SADY POU\u017d\u00cdVANIA COOKIES NA WEBSTR\u00c1NKE I.Prev\u00e1dzkovate\u013e\u00a0 Prev\u00e1dzkovate\u013eom webstr\u00e1nky je: Mgr. Szabolcs Szerda \u010d. 234, 930 30 B\u00e1\u010d, Slovensk\u00e1 republikaI\u010cO: 43\u00a0838 944(\u010falej len \u201eMy\u201c). Ak m\u00e1te ak\u00e9ko\u013evek ot\u00e1zky, m\u00f4\u017eete n\u00e1s kontaktova\u0165 email: szerdaszabolcs@gmail.com telef\u00f3n: +421\u00a0907\u00a0148\u00a0921 alebo po\u0161tou na adresu n\u00e1\u0161ho miesta podnikania. II. \u00da\u010del sprac\u00favania cookies Pod pojmom cookies sa rozumej\u00fa [&hellip;]<\/p>\n","protected":false},"author":2,"featured_media":0,"parent":0,"menu_order":0,"comment_status":"closed","ping_status":"closed","template":"","meta":{"_acf_changed":false,"footnotes":""},"class_list":["post-2336","page","type-page","status-publish","hentry"],"acf":[],"_links":{"self":[{"href":"https:\/\/forc2e.com\/sk\/wp-json\/wp\/v2\/pages\/2336","targetHints":{"allow":["GET"]}}],"collection":[{"href":"https:\/\/forc2e.com\/sk\/wp-json\/wp\/v2\/pages"}],"about":[{"href":"https:\/\/forc2e.com\/sk\/wp-json\/wp\/v2\/types\/page"}],"author":[{"embeddable":true,"href":"https:\/\/forc2e.com\/sk\/wp-json\/wp\/v2\/users\/2"}],"replies":[{"embeddable":true,"href":"https:\/\/forc2e.com\/sk\/wp-json\/wp\/v2\/comments?post=2336"}],"version-history":[{"count":13,"href":"https:\/\/forc2e.com\/sk\/wp-json\/wp\/v2\/pages\/2336\/revisions"}],"predecessor-version":[{"id":2380,"href":"https:\/\/forc2e.com\/sk\/wp-json\/wp\/v2\/pages\/2336\/revisions\/2380"}],"wp:attachment":[{"href":"https:\/\/forc2e.com\/sk\/wp-json\/wp\/v2\/media?parent=2336"}],"curies":[{"name":"wp","href":"https:\/\/api.w.org\/{rel}","templated":true}]}}