{"id":741,"date":"2025-05-22T07:01:56","date_gmt":"2025-05-22T07:01:56","guid":{"rendered":"http:\/\/forc2e.com\/index.php\/prihlasku-podajte-na\/"},"modified":"2026-03-03T10:30:18","modified_gmt":"2026-03-03T10:30:18","slug":"prihlaska","status":"publish","type":"page","link":"https:\/\/forc2e.com\/sk\/prihlaska\/","title":{"rendered":"PRIHL\u00c1\u0160KA"},"content":{"rendered":"\t\t<div data-elementor-type=\"wp-page\" data-elementor-id=\"741\" class=\"elementor elementor-741 elementor-353\" data-elementor-post-type=\"page\">\n\t\t\t\t<div class=\"elementor-element elementor-element-d1d15c5 e-con-full e-flex e-con e-parent\" data-id=\"d1d15c5\" data-element_type=\"container\" data-e-type=\"container\" data-settings=\"{&quot;background_background&quot;:&quot;classic&quot;}\">\n\t\t<div class=\"elementor-element elementor-element-0a64616 e-flex e-con-boxed e-con e-child\" data-id=\"0a64616\" data-element_type=\"container\" data-e-type=\"container\">\n\t\t\t\t\t<div class=\"e-con-inner\">\n\t\t\t\t<div class=\"elementor-element elementor-element-d2cf9e1 elementor-widget elementor-widget-heading\" data-id=\"d2cf9e1\" data-element_type=\"widget\" data-e-type=\"widget\" data-widget_type=\"heading.default\">\n\t\t\t\t<div class=\"elementor-widget-container\">\n\t\t\t\t\t<h1 class=\"elementor-heading-title elementor-size-default\">Prihl\u00e1\u0161ka<\/h1>\t\t\t\t<\/div>\n\t\t\t\t<\/div>\n\t\t\t\t<div class=\"elementor-element elementor-element-e6c63da elementor-button-align-start elementor-widget__width-initial elementor-widget-tablet__width-initial elementor-widget elementor-widget-form\" data-id=\"e6c63da\" data-element_type=\"widget\" data-e-type=\"widget\" data-settings=\"{&quot;step_next_label&quot;:&quot;Next&quot;,&quot;step_previous_label&quot;:&quot;Previous&quot;,&quot;button_width&quot;:&quot;100&quot;,&quot;step_type&quot;:&quot;number_text&quot;,&quot;step_icon_shape&quot;:&quot;circle&quot;}\" data-widget_type=\"form.default\">\n\t\t\t\t<div class=\"elementor-widget-container\">\n\t\t\t\t\t<template id=\"cfef_logic_data_e6c63da\" class=\"cfef_logic_data_js\" data-form-id=\"e6c63da\">{&quot;field_2e3e40d&quot;:{&quot;display_mode&quot;:&quot;show&quot;,&quot;fire_action&quot;:&quot;All&quot;,&quot;file_types&quot;:&quot;png&quot;,&quot;logic_data&quot;:[{&quot;cfef_logic_field_id&quot;:&quot;field_17e888b&quot;,&quot;cfef_logic_field_is&quot;:&quot;==&quot;,&quot;cfef_logic_compare_value&quot;:&quot;FORC2E Kids detsk\\u00e9 tr\\u00e9ningy&quot;,&quot;_id&quot;:&quot;c99b617&quot;}]},&quot;field_10ffb0c&quot;:{&quot;display_mode&quot;:&quot;show&quot;,&quot;fire_action&quot;:&quot;All&quot;,&quot;file_types&quot;:&quot;png&quot;,&quot;logic_data&quot;:[{&quot;cfef_logic_field_id&quot;:&quot;field_17e888b&quot;,&quot;cfef_logic_field_is&quot;:&quot;==&quot;,&quot;cfef_logic_compare_value&quot;:&quot;FORC2E Kids detsk\\u00e9 tr\\u00e9ningy&quot;,&quot;_id&quot;:&quot;17b30c8&quot;}]},&quot;field_edzesek_szabayzata&quot;:{&quot;display_mode&quot;:&quot;show&quot;,&quot;fire_action&quot;:&quot;All&quot;,&quot;file_types&quot;:&quot;png&quot;,&quot;logic_data&quot;:[{&quot;cfef_logic_field_id&quot;:&quot;field_17e888b&quot;,&quot;cfef_logic_field_is&quot;:&quot;==&quot;,&quot;cfef_logic_compare_value&quot;:&quot;FORC2E Kids detsk\\u00e9 tr\\u00e9ningy&quot;,&quot;_id&quot;:&quot;ae26e4b&quot;}]}}<\/template>\t\t<form class=\"elementor-form\" method=\"post\" name=\"Feliratkoz\u00e1s SK\" aria-label=\"Feliratkoz\u00e1s SK\">\n\t\t\t<input type=\"hidden\" name=\"post_id\" value=\"741\"\/>\n\t\t\t<input type=\"hidden\" name=\"form_id\" value=\"e6c63da\"\/>\n\t\t\t<input type=\"hidden\" name=\"referer_title\" value=\"PRIHL\u00c1\u0160KA\" \/>\n\n\t\t\t\t\t\t\t<input type=\"hidden\" name=\"queried_id\" value=\"741\"\/>\n\t\t\t\n\t\t\t<div class=\"elementor-form-fields-wrapper elementor-labels-above\">\n\t\t\t\t\t\t\t\t<div class=\"elementor-field-type-text elementor-field-group elementor-column elementor-field-group-name elementor-col-100 elementor-field-required elementor-mark-required\">\n\t\t\t\t\t\t\t\t\t\t\t\t\t<input size=\"1\" type=\"text\" name=\"form_fields[name]\" id=\"form-field-name\" class=\"elementor-field elementor-size-md  elementor-field-textual\" placeholder=\"Meno*\" required=\"required\">\n\t\t\t\t\t\t\t\t\t\t\t<\/div>\n\t\t\t\t\t\t\t\t<div class=\"elementor-field-type-email elementor-field-group elementor-column elementor-field-group-email elementor-col-100 elementor-field-required elementor-mark-required\">\n\t\t\t\t\t\t\t\t\t\t\t\t\t<input size=\"1\" type=\"email\" name=\"form_fields[email]\" id=\"form-field-email\" class=\"elementor-field elementor-size-md  elementor-field-textual\" placeholder=\"Email*\" required=\"required\">\n\t\t\t\t\t\t\t\t\t\t\t<\/div>\n\t\t\t\t\t\t\t\t<div class=\"elementor-field-type-tel elementor-field-group elementor-column elementor-field-group-field_9d262ef elementor-col-100 elementor-field-required elementor-mark-required\">\n\t\t\t\t\t\t\t<input size=\"1\" type=\"tel\" name=\"form_fields[field_9d262ef]\" id=\"form-field-field_9d262ef\" class=\"elementor-field elementor-size-md  elementor-field-textual\" placeholder=\"Telef\u00f3n*\" required=\"required\" pattern=\"[0-9()#&amp;+*-=.]+\" title=\"Pros\u00ed zad\u00e1vajte iba \u010d\u00edsla alebo tieto znaky #, -, *,\">\n\n\t\t\t\t\t\t<\/div>\n\t\t\t\t\t\t\t\t<div class=\"elementor-field-type-checkbox elementor-field-group elementor-column elementor-field-group-field_17e888b elementor-col-100\">\n\t\t\t\t\t\t\t\t\t\t\t\t<label for=\"form-field-field_17e888b\" class=\"elementor-field-label\">\n\t\t\t\t\t\t\t\tVyberte si, o ktor\u00e9 tr\u00e9ningy m\u00e1te z\u00e1ujem:\t\t\t\t\t\t\t<\/label>\n\t\t\t\t\t\t<div class=\"elementor-field-subgroup  \"><span class=\"elementor-field-option\"><input type=\"checkbox\" value=\"Skupinov\u00e9 tr\u00e9ningy\" id=\"form-field-field_17e888b-0\" name=\"form_fields[field_17e888b][]\"> <label for=\"form-field-field_17e888b-0\">Skupinov\u00e9 tr\u00e9ningy<\/label><\/span><span class=\"elementor-field-option\"><input type=\"checkbox\" value=\"FORC2E Kids detsk\u00e9 tr\u00e9ningy\" id=\"form-field-field_17e888b-1\" name=\"form_fields[field_17e888b][]\"> <label for=\"form-field-field_17e888b-1\">FORC2E Kids detsk\u00e9 tr\u00e9ningy<\/label><\/span><span class=\"elementor-field-option\"><input type=\"checkbox\" value=\"Osobn\u00e9 tr\u00e9ningy\" id=\"form-field-field_17e888b-2\" name=\"form_fields[field_17e888b][]\"> <label for=\"form-field-field_17e888b-2\">Osobn\u00e9 tr\u00e9ningy<\/label><\/span><span class=\"elementor-field-option\"><input type=\"checkbox\" value=\"Online tr\u00e9ningy\" id=\"form-field-field_17e888b-3\" name=\"form_fields[field_17e888b][]\"> <label for=\"form-field-field_17e888b-3\">Online tr\u00e9ningy<\/label><\/span><\/div>\t\t\t\t<\/div>\n\t\t\t\t\t\t\t\t<div class=\"elementor-field-type-text elementor-field-group elementor-column elementor-field-group-field_2e3e40d elementor-col-100 elementor-field-required elementor-mark-required\">\n\t\t\t\t\t\t\t\t\t\t\t\t\t<input size=\"1\" type=\"text\" name=\"form_fields[field_2e3e40d]\" id=\"form-field-field_2e3e40d\" class=\"elementor-field elementor-size-md  elementor-field-textual\" placeholder=\"Meno die\u0165a\u0165a\" required=\"required\">\n\t\t\t\t\t\t\t\t\t\t\t<\/div>\n\t\t\t\t\t\t\t\t<div class=\"elementor-field-type-text elementor-field-group elementor-column elementor-field-group-field_10ffb0c elementor-col-100 elementor-field-required elementor-mark-required\">\n\t\t\t\t\t\t\t\t\t\t\t\t\t<input size=\"1\" type=\"text\" name=\"form_fields[field_10ffb0c]\" id=\"form-field-field_10ffb0c\" class=\"elementor-field elementor-size-md  elementor-field-textual\" placeholder=\"D\u00e1tum narodenia die\u0165a\u0165a\" required=\"required\">\n\t\t\t\t\t\t\t\t\t\t\t<\/div>\n\t\t\t\t\t\t\t\t<div class=\"elementor-field-type-checkbox elementor-field-group elementor-column elementor-field-group-field_35a447d elementor-col-100\">\n\t\t\t\t\t\t\t\t\t\t\t\t<label for=\"form-field-field_35a447d\" class=\"elementor-field-label\">\n\t\t\t\t\t\t\t\tKde by ste sa chceli z\u00fa\u010dastni\u0165 skupinov\u00e9ho alebo detsk\u00e9ho tr\u00e9ningu?\t\t\t\t\t\t\t<\/label>\n\t\t\t\t\t\t<div class=\"elementor-field-subgroup  \"><span class=\"elementor-field-option\"><input type=\"checkbox\" value=\"Dunajsk\u00e1 Streda\" id=\"form-field-field_35a447d-0\" name=\"form_fields[field_35a447d][]\"> <label for=\"form-field-field_35a447d-0\">Dunajsk\u00e1 Streda<\/label><\/span><span class=\"elementor-field-option\"><input type=\"checkbox\" value=\"\u0160amor\u00edn\" id=\"form-field-field_35a447d-1\" name=\"form_fields[field_35a447d][]\"> <label for=\"form-field-field_35a447d-1\">\u0160amor\u00edn<\/label><\/span><\/div>\t\t\t\t<\/div>\n\t\t\t\t\t\t\t\t<div class=\"elementor-field-type-acceptance elementor-field-group elementor-column elementor-field-group-field_1c638d1 elementor-col-100 elementor-field-required elementor-mark-required\">\n\t\t\t\t\t\t\t\t\t\t\t\t<label for=\"form-field-field_1c638d1\" class=\"elementor-field-label\">\n\t\t\t\t\t\t\t\tPravidl\u00e1 tr\u00e9ningov a ochrana osobn\u00fdch \u00fadajov\t\t\t\t\t\t\t<\/label>\n\t\t\t\t\t\t\t\t<div class=\"elementor-field-subgroup\">\n\t\t\t<span class=\"elementor-field-option\">\n\t\t\t\t<input type=\"checkbox\" name=\"form_fields[field_1c638d1]\" id=\"form-field-field_1c638d1\" class=\"elementor-field elementor-size-md  elementor-acceptance-field\" required=\"required\">\n\t\t\t\t<label for=\"form-field-field_1c638d1\"><a href=\"#elementor-action%3Aaction%3Dpopup%3Aopen%26settings%3DeyJpZCI6NTU3LCJ0b2dnbGUiOmZhbHNlfQ%3D%3D\" target=\"_blank\" style=\"color: #fff;\">Pre\u010d\u00edtal(a) som si a s\u00fahlas\u00edm so z\u00e1sadami ochrany osobn\u00fdch \u00fadajov\n<\/a><\/label>\t\t\t<\/span>\n\t\t<\/div>\n\t\t\t\t\t\t<\/div>\n\t\t\t\t\t\t\t\t<div class=\"elementor-field-type-acceptance elementor-field-group elementor-column elementor-field-group-field_edzesek_szabayzata elementor-col-100 elementor-field-required elementor-mark-required\">\n\t\t\t\t\t\t\t<div class=\"elementor-field-subgroup\">\n\t\t\t<span class=\"elementor-field-option\">\n\t\t\t\t<input type=\"checkbox\" name=\"form_fields[field_edzesek_szabayzata]\" id=\"form-field-field_edzesek_szabayzata\" class=\"elementor-field elementor-size-md  elementor-acceptance-field\" required=\"required\">\n\t\t\t\t<label for=\"form-field-field_edzesek_szabayzata\"><a href=\"#elementor-action%3Aaction%3Dpopup%3Aopen%26settings%3DeyJpZCI6NzgyLCJ0b2dnbGUiOmZhbHNlfQ%3D%3D\" target=\"_blank\" style=\"color: #fff;\">Pre\u010d\u00edtal(a) som si a s\u00fahlas\u00edm s pravidlami tr\u00e9ningov\n\n<\/a><\/label>\t\t\t<\/span>\n\t\t<\/div>\n\t\t\t\t\t\t<\/div>\n\t\t\t\t\t\t\t\t<div class=\"elementor-field-group elementor-column elementor-field-type-submit elementor-col-100 e-form__buttons\">\n\t\t\t\t\t<button class=\"elementor-button elementor-size-sm\" type=\"submit\">\n\t\t\t\t\t\t<span class=\"elementor-button-content-wrapper\">\n\t\t\t\t\t\t\t\t\t\t\t\t\t\t\t\t\t\t\t\t\t\t<span class=\"elementor-button-text\">Odosla\u0165 prihl\u00e1\u0161ku<\/span>\n\t\t\t\t\t\t\t\t\t\t\t\t\t<\/span>\n\t\t\t\t\t<\/button>\n\t\t\t\t<\/div>\n\t\t\t<\/div>\n\t\t<\/form>\n\t\t\t\t\t\t<\/div>\n\t\t\t\t<\/div>\n\t\t\t\t\t<\/div>\n\t\t\t\t<\/div>\n\t\t\t\t<\/div>\n\t\t\t\t<\/div>\n\t\t","protected":false},"excerpt":{"rendered":"<p>Prihl\u00e1\u0161ka<\/p>\n","protected":false},"author":2,"featured_media":0,"parent":0,"menu_order":0,"comment_status":"closed","ping_status":"closed","template":"","meta":{"_acf_changed":false,"footnotes":""},"class_list":["post-741","page","type-page","status-publish","hentry"],"acf":[],"_links":{"self":[{"href":"https:\/\/forc2e.com\/sk\/wp-json\/wp\/v2\/pages\/741","targetHints":{"allow":["GET"]}}],"collection":[{"href":"https:\/\/forc2e.com\/sk\/wp-json\/wp\/v2\/pages"}],"about":[{"href":"https:\/\/forc2e.com\/sk\/wp-json\/wp\/v2\/types\/page"}],"author":[{"embeddable":true,"href":"https:\/\/forc2e.com\/sk\/wp-json\/wp\/v2\/users\/2"}],"replies":[{"embeddable":true,"href":"https:\/\/forc2e.com\/sk\/wp-json\/wp\/v2\/comments?post=741"}],"version-history":[{"count":56,"href":"https:\/\/forc2e.com\/sk\/wp-json\/wp\/v2\/pages\/741\/revisions"}],"predecessor-version":[{"id":2681,"href":"https:\/\/forc2e.com\/sk\/wp-json\/wp\/v2\/pages\/741\/revisions\/2681"}],"wp:attachment":[{"href":"https:\/\/forc2e.com\/sk\/wp-json\/wp\/v2\/media?parent=741"}],"curies":[{"name":"wp","href":"https:\/\/api.w.org\/{rel}","templated":true}]}}