{"id":752,"date":"2025-05-21T09:13:08","date_gmt":"2025-05-21T09:13:08","guid":{"rendered":"http:\/\/forc2e.com\/o-mne\/"},"modified":"2025-06-10T07:49:05","modified_gmt":"2025-06-10T07:49:05","slug":"o-mne","status":"publish","type":"page","link":"https:\/\/forc2e.com\/sk\/o-mne\/","title":{"rendered":"O MNE"},"content":{"rendered":"\t\t<div data-elementor-type=\"wp-page\" data-elementor-id=\"752\" class=\"elementor elementor-752 elementor-111\" data-elementor-post-type=\"page\">\n\t\t\t\t<div class=\"elementor-element elementor-element-a711efc e-con-full e-flex e-con e-parent\" data-id=\"a711efc\" data-element_type=\"container\" data-e-type=\"container\" data-settings=\"{&quot;background_background&quot;:&quot;classic&quot;}\">\n\t\t<div class=\"elementor-element elementor-element-3e09b14 e-flex e-con-boxed e-con e-child\" data-id=\"3e09b14\" data-element_type=\"container\" data-e-type=\"container\">\n\t\t\t\t\t<div class=\"e-con-inner\">\n\t\t\t\t<div class=\"elementor-element elementor-element-524dcf9 elementor-widget elementor-widget-heading\" data-id=\"524dcf9\" data-element_type=\"widget\" data-e-type=\"widget\" data-widget_type=\"heading.default\">\n\t\t\t\t<div class=\"elementor-widget-container\">\n\t\t\t\t\t<h1 class=\"elementor-heading-title elementor-size-default\">O MNE<\/h1>\t\t\t\t<\/div>\n\t\t\t\t<\/div>\n\t\t\t\t\t<\/div>\n\t\t\t\t<\/div>\n\t\t\t\t<\/div>\n\t\t<div class=\"elementor-element elementor-element-df83f9c e-flex e-con-boxed e-con e-parent\" data-id=\"df83f9c\" data-element_type=\"container\" data-e-type=\"container\">\n\t\t\t\t\t<div class=\"e-con-inner\">\n\t\t<div class=\"elementor-element elementor-element-01fc4bc e-con-full e-flex e-con e-child\" data-id=\"01fc4bc\" data-element_type=\"container\" data-e-type=\"container\">\n\t\t\t\t<div class=\"elementor-element elementor-element-b81f7dd elementor-widget elementor-widget-heading\" data-id=\"b81f7dd\" data-element_type=\"widget\" data-e-type=\"widget\" data-widget_type=\"heading.default\">\n\t\t\t\t<div class=\"elementor-widget-container\">\n\t\t\t\t\t<h4 class=\"elementor-heading-title elementor-size-default\">Vol\u00e1m sa Szabolcs Szerda.<\/h4>\t\t\t\t<\/div>\n\t\t\t\t<\/div>\n\t\t\t\t<div class=\"elementor-element elementor-element-ce13cb0 elementor-widget elementor-widget-text-editor\" data-id=\"ce13cb0\" data-element_type=\"widget\" data-e-type=\"widget\" data-widget_type=\"text-editor.default\">\n\t\t\t\t<div class=\"elementor-widget-container\">\n\t\t\t\t\t\t\t\t\t<p class=\"font_8 wixui-rich-text__text\">Svoj diplom som z\u00edskal na Pedagogickej fakulte <strong>Univerzity Komensk\u00e9ho<\/strong> v Bratislave, \u0161tudoval som odbor nemeck\u00fd jazyk a literat\u00fara.<\/p><p class=\"font_8 wixui-rich-text__text\">Svoje tr\u00e9nersk\u00e9 \u0161t\u00fadi\u00e1 som za\u010dal vo Viedni na <strong>PFA Fitness Academy,<\/strong> \u0161tudoval som odbor osobn\u00fd tr\u00e9ner a in\u0161truktor fitnesu.<\/p><p class=\"font_8 wixui-rich-text__text\">Potom som sa z\u00fa\u010dastnil na kurze in\u0161truktora <strong>Gymnastics Method<\/strong> u \u00c1d\u00e1ma G\u00f6dr\u00f6sa, po ktorom nasledovala odborn\u00e1 pr\u00edprava z <strong>SMR Systemu<\/strong> u Ferenca Cs\u00edkyho.<\/p><p class=\"font_8 wixui-rich-text__text\"><span class=\"wixui-rich-text__text\">Okrem toho dlh\u00e9 roky (a\u017e dodnes) sa autodidakticky vzdel\u00e1vam pomocou skvel\u00fdch kn\u00edh, \u010dl\u00e1nkov a podcastov v\u00fdborn\u00fdch odborn\u00edkov.<\/span><\/p><ul class=\"font_8 wixui-rich-text__text\"><li class=\"wixui-rich-text__text\"><p class=\"font_8 wixui-rich-text__text\"><strong><span class=\"wixui-rich-text__text\">In\u0161truktor Gymnastics Method Level 1<\/span><\/strong><\/p><\/li><li class=\"wixui-rich-text__text\"><p class=\"font_8 wixui-rich-text__text\"><strong><span class=\"wixui-rich-text__text\">Ved\u00faci in\u0161truktor Gymnastics Method Kids<\/span><\/strong><\/p><\/li><li class=\"wixui-rich-text__text\"><p class=\"font_8 wixui-rich-text__text\"><strong><span class=\"wixui-rich-text__text\">Odborn\u00edk SMR Systemu<\/span><\/strong><\/p><\/li><\/ul>\t\t\t\t\t\t\t\t<\/div>\n\t\t\t\t<\/div>\n\t\t\t\t<\/div>\n\t\t<div class=\"elementor-element elementor-element-26d138e e-con-full e-flex e-con e-child\" data-id=\"26d138e\" data-element_type=\"container\" data-e-type=\"container\">\n\t\t\t\t<div class=\"elementor-element elementor-element-d27e07d elementor-widget elementor-widget-image\" data-id=\"d27e07d\" data-element_type=\"widget\" data-e-type=\"widget\" data-widget_type=\"image.default\">\n\t\t\t\t<div class=\"elementor-widget-container\">\n\t\t\t\t\t\t\t\t\t\t\t\t\t\t\t<img fetchpriority=\"high\" decoding=\"async\" width=\"960\" height=\"959\" src=\"https:\/\/forc2e.com\/wp-content\/uploads\/2025\/05\/293064503_706860427300677_5644503487105411895_n-1.jpg\" class=\"attachment-full size-full wp-image-733\" alt=\"\" srcset=\"https:\/\/forc2e.com\/wp-content\/uploads\/2025\/05\/293064503_706860427300677_5644503487105411895_n-1.jpg 960w, https:\/\/forc2e.com\/wp-content\/uploads\/2025\/05\/293064503_706860427300677_5644503487105411895_n-1-300x300.jpg 300w, https:\/\/forc2e.com\/wp-content\/uploads\/2025\/05\/293064503_706860427300677_5644503487105411895_n-1-100x100.jpg 100w, https:\/\/forc2e.com\/wp-content\/uploads\/2025\/05\/293064503_706860427300677_5644503487105411895_n-1-600x599.jpg 600w, https:\/\/forc2e.com\/wp-content\/uploads\/2025\/05\/293064503_706860427300677_5644503487105411895_n-1-150x150.jpg 150w, https:\/\/forc2e.com\/wp-content\/uploads\/2025\/05\/293064503_706860427300677_5644503487105411895_n-1-768x767.jpg 768w\" sizes=\"(max-width: 960px) 100vw, 960px\" \/>\t\t\t\t\t\t\t\t\t\t\t\t\t\t\t<\/div>\n\t\t\t\t<\/div>\n\t\t\t\t<div class=\"elementor-element elementor-element-7a51731 elementor-widget__width-auto elementor-widget-tablet__width-initial elementor-absolute elementor-invisible elementor-widget elementor-widget-image\" data-id=\"7a51731\" data-element_type=\"widget\" data-e-type=\"widget\" data-settings=\"{&quot;_animation&quot;:&quot;zoomIn&quot;,&quot;_position&quot;:&quot;absolute&quot;}\" data-widget_type=\"image.default\">\n\t\t\t\t<div class=\"elementor-widget-container\">\n\t\t\t\t\t\t\t\t\t\t\t\t\t\t\t<img decoding=\"async\" width=\"140\" height=\"200\" src=\"https:\/\/forc2e.com\/wp-content\/uploads\/2025\/05\/Rectangle-9.jpg\" class=\"attachment-large size-large wp-image-684\" alt=\"\" \/>\t\t\t\t\t\t\t\t\t\t\t\t\t\t\t<\/div>\n\t\t\t\t<\/div>\n\t\t\t\t<div class=\"elementor-element elementor-element-2de62f0 elementor-widget__width-auto elementor-widget-tablet__width-initial elementor-absolute elementor-invisible elementor-widget elementor-widget-image\" data-id=\"2de62f0\" data-element_type=\"widget\" data-e-type=\"widget\" data-settings=\"{&quot;_animation&quot;:&quot;zoomIn&quot;,&quot;_position&quot;:&quot;absolute&quot;}\" data-widget_type=\"image.default\">\n\t\t\t\t<div class=\"elementor-widget-container\">\n\t\t\t\t\t\t\t\t\t\t\t\t\t\t\t<img decoding=\"async\" width=\"140\" height=\"200\" src=\"https:\/\/forc2e.com\/wp-content\/uploads\/2025\/05\/Rectangle-8.jpg\" class=\"attachment-large size-large wp-image-683\" alt=\"\" \/>\t\t\t\t\t\t\t\t\t\t\t\t\t\t\t<\/div>\n\t\t\t\t<\/div>\n\t\t\t\t<\/div>\n\t\t\t\t\t<\/div>\n\t\t\t\t<\/div>\n\t\t<div class=\"elementor-element elementor-element-b5e86de e-flex e-con-boxed e-con e-parent\" data-id=\"b5e86de\" data-element_type=\"container\" data-e-type=\"container\">\n\t\t\t\t\t<div class=\"e-con-inner\">\n\t\t<div class=\"elementor-element elementor-element-2fd8705 e-con-full e-flex e-con e-child\" data-id=\"2fd8705\" data-element_type=\"container\" data-e-type=\"container\">\n\t\t\t\t<div class=\"elementor-element elementor-element-5a9dce5 elementor-widget elementor-widget-image\" data-id=\"5a9dce5\" data-element_type=\"widget\" data-e-type=\"widget\" data-widget_type=\"image.default\">\n\t\t\t\t<div class=\"elementor-widget-container\">\n\t\t\t\t\t\t\t\t\t\t\t\t\t\t\t<img loading=\"lazy\" decoding=\"async\" width=\"450\" height=\"290\" src=\"https:\/\/forc2e.com\/wp-content\/uploads\/2025\/05\/image_6483441202_edited.avif\" class=\"attachment-full size-full wp-image-727\" alt=\"\" srcset=\"https:\/\/forc2e.com\/wp-content\/uploads\/2025\/05\/image_6483441202_edited.avif 450w, https:\/\/forc2e.com\/wp-content\/uploads\/2025\/05\/image_6483441202_edited-300x193.avif 300w\" sizes=\"(max-width: 450px) 100vw, 450px\" \/>\t\t\t\t\t\t\t\t\t\t\t\t\t\t\t<\/div>\n\t\t\t\t<\/div>\n\t\t\t\t<div class=\"elementor-element elementor-element-dff0cd5 elementor-widget__width-auto elementor-widget-tablet__width-initial elementor-absolute elementor-invisible elementor-widget elementor-widget-image\" data-id=\"dff0cd5\" data-element_type=\"widget\" data-e-type=\"widget\" data-settings=\"{&quot;_animation&quot;:&quot;zoomIn&quot;,&quot;_position&quot;:&quot;absolute&quot;}\" data-widget_type=\"image.default\">\n\t\t\t\t<div class=\"elementor-widget-container\">\n\t\t\t\t\t\t\t\t\t\t\t\t\t\t\t<img decoding=\"async\" width=\"140\" height=\"200\" src=\"https:\/\/forc2e.com\/wp-content\/uploads\/2025\/05\/Rectangle-9.jpg\" class=\"attachment-large size-large wp-image-684\" alt=\"\" \/>\t\t\t\t\t\t\t\t\t\t\t\t\t\t\t<\/div>\n\t\t\t\t<\/div>\n\t\t\t\t<div class=\"elementor-element elementor-element-4046758 elementor-widget__width-auto elementor-widget-tablet__width-initial elementor-absolute elementor-invisible elementor-widget elementor-widget-image\" data-id=\"4046758\" data-element_type=\"widget\" data-e-type=\"widget\" data-settings=\"{&quot;_animation&quot;:&quot;zoomIn&quot;,&quot;_position&quot;:&quot;absolute&quot;}\" data-widget_type=\"image.default\">\n\t\t\t\t<div class=\"elementor-widget-container\">\n\t\t\t\t\t\t\t\t\t\t\t\t\t\t\t<img decoding=\"async\" width=\"140\" height=\"200\" src=\"https:\/\/forc2e.com\/wp-content\/uploads\/2025\/05\/Rectangle-8.jpg\" class=\"attachment-large size-large wp-image-683\" alt=\"\" \/>\t\t\t\t\t\t\t\t\t\t\t\t\t\t\t<\/div>\n\t\t\t\t<\/div>\n\t\t\t\t<\/div>\n\t\t<div class=\"elementor-element elementor-element-03e682a e-con-full e-flex e-con e-child\" data-id=\"03e682a\" data-element_type=\"container\" data-e-type=\"container\">\n\t\t\t\t<div class=\"elementor-element elementor-element-5fc8420 elementor-widget elementor-widget-text-editor\" data-id=\"5fc8420\" data-element_type=\"widget\" data-e-type=\"widget\" data-widget_type=\"text-editor.default\">\n\t\t\t\t<div class=\"elementor-widget-container\">\n\t\t\t\t\t\t\t\t\t<p class=\"font_8 wixui-rich-text__text\"><strong><span class=\"wixui-rich-text__text\">Sna\u017e\u00edm sa zlep\u0161ova\u0165 kvalitu pohybu det\u00ed aj dospel\u00fdch. <\/span><\/strong><\/p><p class=\"font_8 wixui-rich-text__text\"><span class=\"wixui-rich-text__text\">Od septembra 2020 na na\u0161ich skupinov\u00fdch tr\u00e9ningoch spolu s viacer\u00fdmi kolegami \u2013 <strong>in\u0161truktormi Gymnastics Method Kids<\/strong> &#8211; pom\u00e1hame pri rozv\u00edjan\u00ed sily det\u00ed pomocou vlastnej v\u00e1hy.<\/span><\/p><p class=\"font_8 wixui-rich-text__text\"><span class=\"wixui-rich-text__text\">Pre m\u0148a je jednou z najd\u00f4le\u017eitej\u0161\u00edch vec\u00ed pom\u00f4c\u0165 de\u0165om s ich nedostatkom zru\u010dnost\u00ed v dne\u0161nom sedavom svete.<\/span><\/p><p class=\"font_8 wixui-rich-text__text\"><span class=\"wixui-rich-text__text\">Moj\u00edm cie\u013eom je pom\u00f4c\u0165 \u010do najv\u00e4\u010d\u0161iemu po\u010dtu det\u00ed a dospel\u00fdch na skupinov\u00fdch a individu\u00e1lnych tr\u00e9ningoch.<\/span><\/p>\t\t\t\t\t\t\t\t<\/div>\n\t\t\t\t<\/div>\n\t\t\t\t<\/div>\n\t\t\t\t\t<\/div>\n\t\t\t\t<\/div>\n\t\t\t\t<\/div>\n\t\t","protected":false},"excerpt":{"rendered":"<p>O MNE Vol\u00e1m sa Szabolcs Szerda. Svoj diplom som z\u00edskal na Pedagogickej fakulte Univerzity Komensk\u00e9ho v Bratislave, \u0161tudoval som odbor nemeck\u00fd jazyk a literat\u00fara. Svoje tr\u00e9nersk\u00e9 \u0161t\u00fadi\u00e1 som za\u010dal vo Viedni na PFA Fitness Academy, \u0161tudoval som odbor osobn\u00fd tr\u00e9ner a in\u0161truktor fitnesu. Potom som sa z\u00fa\u010dastnil na kurze in\u0161truktora Gymnastics Method u \u00c1d\u00e1ma G\u00f6dr\u00f6sa, [&hellip;]<\/p>\n","protected":false},"author":2,"featured_media":0,"parent":0,"menu_order":0,"comment_status":"closed","ping_status":"closed","template":"elementor_header_footer","meta":{"_acf_changed":false,"footnotes":""},"class_list":["post-752","page","type-page","status-publish","hentry"],"acf":[],"_links":{"self":[{"href":"https:\/\/forc2e.com\/sk\/wp-json\/wp\/v2\/pages\/752","targetHints":{"allow":["GET"]}}],"collection":[{"href":"https:\/\/forc2e.com\/sk\/wp-json\/wp\/v2\/pages"}],"about":[{"href":"https:\/\/forc2e.com\/sk\/wp-json\/wp\/v2\/types\/page"}],"author":[{"embeddable":true,"href":"https:\/\/forc2e.com\/sk\/wp-json\/wp\/v2\/users\/2"}],"replies":[{"embeddable":true,"href":"https:\/\/forc2e.com\/sk\/wp-json\/wp\/v2\/comments?post=752"}],"version-history":[{"count":1,"href":"https:\/\/forc2e.com\/sk\/wp-json\/wp\/v2\/pages\/752\/revisions"}],"predecessor-version":[{"id":753,"href":"https:\/\/forc2e.com\/sk\/wp-json\/wp\/v2\/pages\/752\/revisions\/753"}],"wp:attachment":[{"href":"https:\/\/forc2e.com\/sk\/wp-json\/wp\/v2\/media?parent=752"}],"curies":[{"name":"wp","href":"https:\/\/api.w.org\/{rel}","templated":true}]}}